{"id":1156,"date":"2024-02-11T10:21:58","date_gmt":"2024-02-11T09:21:58","guid":{"rendered":"https:\/\/laokoon-security.com\/?page_id=1156"},"modified":"2024-11-29T12:02:56","modified_gmt":"2024-11-29T11:02:56","slug":"casmart","status":"publish","type":"page","link":"https:\/\/laokoon-security.com\/en\/service\/casmart\/","title":{"rendered":"CASMART"},"content":{"rendered":"<div class=\"wp-block-columns are-vertically-aligned-center alignwide hero-section-v1 has-lk-gradient has-background is-layout-flex wp-container-core-columns-is-layout-4ab3942d wp-block-columns-is-layout-flex\" style=\"background:linear-gradient(149deg,rgb(21,54,73) 29%,rgb(109,128,140) 100%);padding-top:170px;padding-right:0px;padding-bottom:60px;padding-left:0px\">\n<div class=\"wp-block-column is-vertically-aligned-center is-layout-flow wp-block-column-is-layout-flow\">\n<div class=\"wp-block-columns are-vertically-aligned-center hero-divs-holder is-layout-flex wp-container-core-columns-is-layout-35b47e0a wp-block-columns-is-layout-flex\" style=\"padding-right:20px;padding-left:20px\">\n<div class=\"wp-block-column is-vertically-aligned-center is-layout-flow wp-block-column-is-layout-flow\" style=\"flex-basis:45%\">\n<p class=\"fade-up has-primary-color has-text-color has-link-color wp-elements-4eb26b4b3c98fbff514b44260e7e106f\"><strong>CASMART - Continuous Attack Surface Monitoring and Red Teaming<\/strong><\/p>\n\n\n\n<h1 class=\"wp-block-heading fade-up has-contrast-color has-text-color has-link-color wp-elements-2df720945e3a3464ff73e584a9a42452\" style=\"font-style:normal;font-weight:600\">A clear picture of the situation. At any time.<\/h1>\n\n\n\n<div class=\"wp-block-buttons is-layout-flex wp-block-buttons-is-layout-flex\" style=\"margin-top:40px\">\n<div class=\"wp-block-button fade-up\"><a class=\"wp-block-button__link wp-element-button\" href=\"#cta\">Enquire now<\/a><\/div>\n<\/div>\n<\/div>\n\n\n\n<div class=\"wp-block-column is-vertically-aligned-center is-layout-flow wp-block-column-is-layout-flow\" style=\"flex-basis:50%\">\n<figure class=\"wp-block-image alignright size-full is-resized\"><img decoding=\"async\" src=\"https:\/\/laokoon-security.com\/wp-content\/uploads\/2024\/02\/laokoon-CSMART-.svg\" alt=\"CASMART Continuous Attack Surface Monitoring and Red Teaming\" class=\"wp-image-1250\" style=\"width:520px\"\/><\/figure>\n<\/div>\n<\/div>\n<\/div>\n<\/div>\n\n\n\n<div class=\"wp-block-group is-content-justification-space-between is-layout-flex wp-container-core-group-is-layout-e5780d3d wp-block-group-is-layout-flex\" style=\"margin-top:100px;margin-bottom:150px;padding-right:20px;padding-left:20px\">\n<div class=\"wp-block-group contentbox-main-container wp-container-content-663c14dd is-vertical is-nowrap is-layout-flex wp-container-core-group-is-layout-a687b86e wp-block-group-is-layout-flex\" style=\"padding-right:60px\">\n<div class=\"wp-block-group is-horizontal is-layout-flex wp-block-group-is-layout-flex\" style=\"margin-top:50px;margin-bottom:50px\">\n<div class=\"wp-block-group is-horizontal is-layout-flex wp-block-group-is-layout-flex\" style=\"margin-top:45px\">\n<h2 class=\"wp-block-heading\">Continuous Attack Surface Monitoring and Red Teaming: what it's all about<\/h2>\n\n\n\n<p>Continuous Attack Surface Monitoring and Red Teaming (CASMART for short) helps companies with an established IT security infrastructure to gain an overview of the current cybersecurity situation. We do not rely on individual tools, but offer a comprehensive portfolio of measures that create a holistic result.<\/p>\n\n\n\n<p>With a monthly red teaming budget, changing focal points, proactive alerts on developments in the company-specific cyber threat situation and specific contacts for your information needs, you can future-proof your company and increase its resilience in the long term.<\/p>\n<\/div>\n<\/div>\n\n\n\n<div class=\"wp-block-group is-horizontal is-layout-flex wp-block-group-is-layout-flex\" style=\"margin-top:50px;margin-bottom:50px\">\n<div class=\"wp-block-group is-horizontal is-layout-flex wp-block-group-is-layout-flex\" style=\"margin-top:45px\">\n<h2 class=\"wp-block-heading\">Continuous stress test<\/h2>\n\n\n\n<p>CASMART offers customers continuous red teaming services aimed at creating and maintaining a comprehensive 360\u00b0 situational awareness of defence measures and the threat situation. Our approach is based on continuous monitoring and adaptation to integrate the latest developments into the security concept.<\/p>\n\n\n\n<p>We agree a needs-orientated red teaming scope with the customer and regularly set targeted priorities.<\/p>\n\n\n\n<p>These focal points may include the following positions, among others:<\/p>\n\n\n\n<ul class=\"wp-block-list\">\n<li>Open Source Investigations<\/li>\n\n\n\n<li>Physical penetration tests<\/li>\n\n\n\n<li>Social engineering attacks<\/li>\n\n\n\n<li>Assume Breach Simulations<\/li>\n\n\n\n<li>Technical assessments<\/li>\n\n\n\n<li>Sensory tests<\/li>\n\n\n\n<li>and many more<\/li>\n<\/ul>\n<\/div>\n<\/div>\n\n\n\n<div class=\"wp-block-group is-horizontal is-layout-flex wp-block-group-is-layout-flex\" style=\"margin-top:50px;margin-bottom:50px\">\n<div class=\"wp-block-group is-horizontal is-layout-flex wp-block-group-is-layout-flex\" style=\"margin-top:45px\">\n<h2 class=\"wp-block-heading\">Results you can handle!<\/h2>\n\n\n\n<p>Due to the changing focal points, you do not get a one-off overview of all problem areas, which in turn take a long time to resolve or are not prioritised for various reasons. You receive <strong>continuous <\/strong>the necessary information, the descriptions of which are in-depth rather than broad, in order to tackle problem areas step by step and make the company safe in the long term.<\/p>\n\n\n\n<p><strong>No more excessive demands - but continuous support!<\/strong><\/p>\n<\/div>\n<\/div>\n\n\n\n<div class=\"wp-block-group is-horizontal is-layout-flex wp-block-group-is-layout-flex\" style=\"margin-top:50px;margin-bottom:50px\">\n<div class=\"wp-block-group is-horizontal is-layout-flex wp-block-group-is-layout-flex\" style=\"margin-top:45px\">\n<h2 class=\"wp-block-heading\">Clear picture of the situation - overview of the latest developments<\/h2>\n\n\n\n<p>CASMART also includes proactive responses to developments in cyberspace. This includes, for example, information on currently exploited vulnerabilities in products used by the customer.<\/p>\n\n\n\n<p>We are in the picture when it comes to current developments. We are hackers and are aware of what is happening in \"our bubble\". But for IT decision-makers in particular, it is almost impossible to be fully informed about all developments in the threat situation. As a result, a productive interaction between Laokoon Security and IT decision-makers has developed, who are proactively alerted by us to current threat situations.<\/p>\n\n\n\n<p>We are informed when suppliers are compromised, new gaps in IT security products are discovered or vulnerabilities are actively exploited by advanced persistent threats.<\/p>\n\n\n\n<p>The aim of continuous red teaming is to create and maintain a 360\u00b0 picture of the customer's defence measures and threat situation. By continuously monitoring the situation, the latest developments can also be incorporated into the situation picture and the focus can be regularly set according to developments, thus creating a comprehensive threat situation picture.<\/p>\n<\/div>\n<\/div>\n<\/div>\n\n\n\n<div class=\"wp-block-group sticky-cta-box has-contrast-background-color has-background wp-container-content-2f62e668 is-vertical is-nowrap is-layout-flex wp-container-core-group-is-layout-7e91b5de wp-block-group-is-layout-flex wp-container-1 is-position-sticky\" style=\"border-radius:10px;margin-top:30px;padding-top:35px;padding-right:35px;padding-bottom:35px;padding-left:35px\">\n<h6 class=\"wp-block-heading has-base-color has-text-color has-link-color wp-elements-49b687347f7493e4d8091a8165e76d07\">CASMART is suitable for companies that:<\/h6>\n\n\n\n<ul class=\"wp-block-list checklist has-base-color has-text-color has-link-color wp-elements-8c28415dae7d426ce414f2aa96ae1451\">\n<li>want to obtain and maintain a continuous picture of their cyber threats.<\/li>\n\n\n\n<li>no longer want to do without a permanent contact person for Red Teaming.<\/li>\n\n\n\n<li>Penetration testing and red teaming capacities without long lead times.<\/li>\n\n\n\n<li>want to consistently and continuously improve their Blue Team and its defence capabilities.<\/li>\n<\/ul>\n\n\n\n<div class=\"wp-block-buttons service-container-cta is-layout-flex wp-block-buttons-is-layout-flex\" style=\"margin-top:25px\">\n<div class=\"wp-block-button\"><a class=\"wp-block-button__link wp-element-button\" href=\"#cta\">get advice now<\/a><\/div>\n<\/div>\n<\/div>\n<\/div>\n\n\n\n<div id=\"cta\" class=\"wp-block-group alignwide has-lk-gradient has-background is-vertical is-content-justification-center is-layout-flex wp-container-core-group-is-layout-2a962c2a wp-block-group-is-layout-flex\" style=\"background:linear-gradient(111deg,rgb(21,54,73) 4%,rgb(94,121,138) 100%);padding-top:100px;padding-bottom:100px;padding-left:0px\">\n<div class=\"wp-block-group is-content-justification-space-between is-layout-flex wp-container-core-group-is-layout-8820e02c wp-block-group-is-layout-flex\" style=\"padding-right:20px;padding-left:20px\">\n<div class=\"wp-block-group cta-footer-content wp-container-content-2f62e668 is-layout-flex wp-block-group-is-layout-flex\" style=\"padding-right:20px;padding-left:20px\">\n<h3 class=\"wp-block-heading has-text-align-left wp-container-content-958eb9dc\">Secure your IT now!<\/h3>\n\n\n\n<ul class=\"checklist has-contrast-color has-text-color has-link-color wp-block-list wp-elements-94d378b02289daa3b1444a4f5402d6a8 wp-container-content-958eb9dc\">\n<li class=\"fade-up\">Extensive experience in the field of offensive security<\/li>\n\n\n\n<li class=\"fade-up\">Broad experience in the team<\/li>\n\n\n\n<li class=\"fade-up\">Highly secure solutions that do not open new doors for attackers<\/li>\n<\/ul>\n<\/div>\n\n\n\n<div class=\"wp-block-group cta-footer-form has-contrast-background-color has-background wp-container-content-4fb2e66a is-layout-flex wp-container-core-group-is-layout-03c12fd1 wp-block-group-is-layout-flex\" style=\"border-radius:10px;padding-top:50px;padding-right:50px;padding-bottom:50px;padding-left:50px\"><div class=\"forminator-ui forminator-custom-form forminator-custom-form-1444 forminator-design--default  forminator_ajax\" data-forminator-render=\"0\" data-form=\"forminator-module-1444\" data-uid=\"69e20d97e659b\"><br\/><\/div><form\n\t\t\t\tid=\"forminator-module-1444\"\n\t\t\t\tclass=\"forminator-ui forminator-custom-form forminator-custom-form-1444 forminator-design--default  forminator_ajax\"\n\t\t\t\tmethod=\"post\"\n\t\t\t\tdata-forminator-render=\"0\"\n\t\t\t\tdata-form-id=\"1444\"\n\t\t\t\t data-color-option=\"default\" data-design=\"default\" data-grid=\"open\" style=\"display: none;\"\n\t\t\t\tdata-uid=\"69e20d97e659b\" action=\"\"\n\t\t\t><div role=\"alert\" aria-live=\"polite\" class=\"forminator-response-message forminator-error\" aria-hidden=\"true\"><\/div><div\n\t\t\t\ttabindex=\"-1\"\n\t\t\t\trole=\"tabpanel\"\n\t\t\t\tid=\"forminator-custom-form-1444--page-0\"\n\t\t\t\tclass=\"forminator-pagination forminator-pagination-start\"\n\t\t\t\taria-labelledby=\"forminator-custom-form-1444--page-0-label\"\n\t\t\t\tdata-step=\"0\"\n\t\t\t\tdata-label=\"Finish\"\n\t\t\t\tdata-actual-label=\"Page 1\"\n\t\t\t\tdata-name=\"page-break-1\"\n\t\t\t><div class=\"forminator-pagination--content\"><div class=\"forminator-row\"><div id=\"html-1\" class=\"forminator-field-html forminator-col forminator-col-12\"><div class=\"forminator-field forminator-merge-tags\" data-field=\"html-1\"><label class=\"forminator-label\">Attack is the best defence!<\/label><h4 class=\"has-base-color\">Order CASMART now!<\/h4><\/div><\/div><\/div><div class=\"forminator-row\"><div id=\"checkbox-1\" class=\"forminator-field-checkbox forminator-col forminator-col-12\"><div role=\"group\" class=\"forminator-field required\" aria-labelledby=\"forminator-checkbox-group-forminator-field-checkbox-1-69e20d97e659b-label\"><span id=\"forminator-checkbox-group-forminator-field-checkbox-1-69e20d97e659b-label\" class=\"forminator-label\">What types of attack simulations should be carried out? <span class=\"forminator-required\">*<\/span><\/span><label id=\"forminator-field-checkbox-1-1-69e20d97e659b-label\" for=\"forminator-field-checkbox-1-1-69e20d97e659b\" class=\"forminator-checkbox forminator-checkbox-inline\" title=\"Red Teaming\"><input type=\"checkbox\" name=\"checkbox-1[]\" value=\"redteaming\" id=\"forminator-field-checkbox-1-1-69e20d97e659b\" aria-labelledby=\"forminator-field-checkbox-1-1-69e20d97e659b-label\" data-calculation=\"0\"   data-hidden-behavior=\"zero\"\/><span class=\"forminator-checkbox-box\" aria-hidden=\"true\"><\/span><span class=\"forminator-checkbox-label\">Red Teaming<\/span><\/label><label id=\"forminator-field-checkbox-1-2-69e20d97e659b-label\" for=\"forminator-field-checkbox-1-2-69e20d97e659b\" class=\"forminator-checkbox forminator-checkbox-inline\" title=\"Assume Breach\"><input type=\"checkbox\" name=\"checkbox-1[]\" value=\"assumebreach\" id=\"forminator-field-checkbox-1-2-69e20d97e659b\" aria-labelledby=\"forminator-field-checkbox-1-2-69e20d97e659b-label\" data-calculation=\"0\"   data-hidden-behavior=\"zero\"\/><span class=\"forminator-checkbox-box\" aria-hidden=\"true\"><\/span><span class=\"forminator-checkbox-label\">Assume Breach<\/span><\/label><label id=\"forminator-field-checkbox-1-3-69e20d97e659b-label\" for=\"forminator-field-checkbox-1-3-69e20d97e659b\" class=\"forminator-checkbox forminator-checkbox-inline\" title=\"Sensory test\"><input type=\"checkbox\" name=\"checkbox-1[]\" value=\"sensoriktest\" id=\"forminator-field-checkbox-1-3-69e20d97e659b\" aria-labelledby=\"forminator-field-checkbox-1-3-69e20d97e659b-label\" data-calculation=\"0\"   data-hidden-behavior=\"zero\"\/><span class=\"forminator-checkbox-box\" aria-hidden=\"true\"><\/span><span class=\"forminator-checkbox-label\">Sensory test<\/span><\/label><label id=\"forminator-field-checkbox-1-4-69e20d97e659b-label\" for=\"forminator-field-checkbox-1-4-69e20d97e659b\" class=\"forminator-checkbox forminator-checkbox-inline\" title=\"CASMART\"><input type=\"checkbox\" name=\"checkbox-1[]\" value=\"CASMART\" id=\"forminator-field-checkbox-1-4-69e20d97e659b\" aria-labelledby=\"forminator-field-checkbox-1-4-69e20d97e659b-label\" data-calculation=\"0\"   data-hidden-behavior=\"zero\"\/><span class=\"forminator-checkbox-box\" aria-hidden=\"true\"><\/span><span class=\"forminator-checkbox-label\">CASMART<\/span><\/label><\/div><\/div><\/div><\/div><\/div><div\n\t\t\t\ttabindex=\"-1\"\n\t\t\t\trole=\"tabpanel\"\n\t\t\t\tid=\"forminator-custom-form-1444--page-1\"\n\t\t\t\tclass=\"forminator-pagination\"\n\t\t\t\taria-labelledby=\"forminator-custom-form-1444--page-1-label\"\n\t\t\t\taria-hidden=\"true\"\n\t\t\t\tdata-step=\"1\"\n\t\t\t\tdata-label=\"Page  1\"\n\t\t\t\tdata-actual-label=\"Page 2\"\n\t\t\t\tdata-name=\"page-break-3\"\n\t\t\t\thidden\n\t\t\t><div class=\"forminator-pagination--content\"><div class=\"forminator-row\"><div id=\"select-1\" class=\"forminator-field-select forminator-col forminator-col-12\"><div class=\"forminator-field\"><label for=\"forminator-form-1444__field--select-1_69e20d97e659b\" id=\"forminator-form-1444__field--select-1_69e20d97e659b-label\" class=\"forminator-label\">Have penetration tests and other types of attack simulations already been carried out in the past?<\/label><select  id=\"forminator-form-1444__field--select-1_69e20d97e659b\" class=\"forminator-select--field forminator-select2 forminator-select2-multiple\" data-required=\"\" name=\"select-1\" data-default-value=\"\" data-hidden-behavior=\"zero\" data-placeholder=\"\" data-search=\"false\" data-search-placeholder=\"\" data-checkbox=\"false\" data-allow-clear=\"false\" aria-labelledby=\"forminator-form-1444__field--select-1_69e20d97e659b-label\"><option value=\"yes\"  data-calculation=\"0\">Yes<\/option><option value=\"no\"  data-calculation=\"0\">No<\/option><\/select><\/div><\/div><\/div><div class=\"forminator-row\"><div id=\"date-1\" class=\"forminator-field-date forminator-col forminator-col-12\"><div class=\"forminator-field\"><label for=\"forminator-field-date-1-picker_69e20d97e659b\" id=\"forminator-field-date-1-picker_69e20d97e659b-label\" class=\"forminator-label\">What is the best time to start implementation?<\/label><div class=\"forminator-input-with-icon\"><span class=\"forminator-icon-calendar\" aria-hidden=\"true\"><\/span><input autocomplete=\"off\" type=\"text\" size=\"1\" name=\"date-1\" value=\"\" placeholder=\"Select date\" id=\"forminator-field-date-1-picker_69e20d97e659b\" class=\"forminator-input forminator-datepicker\" data-required=\"\" data-format=\"mm\/dd\/yy\" data-restrict-type=\"\" data-restrict=\"\" data-start-year=\"1926\" data-end-year=\"2126\" data-past-dates=\"enable\" data-start-of-week=\"1\" data-start-date=\"\" data-end-date=\"\" data-start-field=\"\" data-end-field=\"\" data-start-offset=\"\" data-end-offset=\"\" data-disable-date=\"\" data-disable-range=\"\" \/><\/div><\/div><\/div><\/div><\/div><\/div><div\n\t\t\t\ttabindex=\"-1\"\n\t\t\t\trole=\"tabpanel\"\n\t\t\t\tid=\"forminator-custom-form-1444--page-2\"\n\t\t\t\tclass=\"forminator-pagination\"\n\t\t\t\taria-labelledby=\"forminator-custom-form-1444--page-2-label\"\n\t\t\t\taria-hidden=\"true\"\n\t\t\t\tdata-step=\"2\"\n\t\t\t\tdata-label=\"Page  2\"\n\t\t\t\tdata-actual-label=\"Page 3\"\n\t\t\t\tdata-name=\"\"\n\t\t\t\thidden\n\t\t\t><div class=\"forminator-pagination--content\"><div class=\"forminator-row\"><div id=\"name-1\" class=\"forminator-field-name forminator-col forminator-col-12\"><div class=\"forminator-field\"><label for=\"forminator-field-name-1_69e20d97e659b\" id=\"forminator-field-name-1_69e20d97e659b-label\" class=\"forminator-label\">Name <span class=\"forminator-required\">*<\/span><\/label><input type=\"text\" name=\"name-1\" value=\"\" placeholder=\"z. e.g. Max Mustermann\" id=\"forminator-field-name-1_69e20d97e659b\" class=\"forminator-input forminator-name--field\" aria-required=\"true\" autocomplete=\"name\" \/><\/div><\/div><\/div><div class=\"forminator-row\"><div id=\"email-1\" class=\"forminator-field-email forminator-col forminator-col-6\"><div class=\"forminator-field\"><label for=\"forminator-field-email-1_69e20d97e659b\" id=\"forminator-field-email-1_69e20d97e659b-label\" class=\"forminator-label\">e-mail address<\/label><input type=\"email\" name=\"email-1\" value=\"\" placeholder=\"z. E.G. max@mustermann.de\" id=\"forminator-field-email-1_69e20d97e659b\" class=\"forminator-input forminator-email--field\" data-required=\"\" aria-required=\"false\" autocomplete=\"email\" \/><\/div><\/div><div id=\"phone-1\" class=\"forminator-field-phone forminator-col forminator-col-6\"><div class=\"forminator-field\"><label for=\"forminator-field-phone-1_69e20d97e659b\" id=\"forminator-field-phone-1_69e20d97e659b-label\" class=\"forminator-label\">Telephone <span class=\"forminator-required\">*<\/span><\/label><input type=\"text\" name=\"phone-1\" value=\"\" placeholder=\"z. B.: +49 123 4567 89\" id=\"forminator-field-phone-1_69e20d97e659b\" class=\"forminator-input forminator-field--phone\" data-required=\"1\" aria-required=\"true\" autocomplete=\"off\" \/><\/div><\/div><\/div><div class=\"forminator-row\"><div id=\"textarea-1\" class=\"forminator-field-textarea forminator-col forminator-col-12\"><div class=\"forminator-field\"><label for=\"forminator-field-textarea-1_69e20d97e659b\" id=\"forminator-field-textarea-1_69e20d97e659b-label\" class=\"forminator-label\">Do you have further information that we should know?<\/label><textarea name=\"textarea-1\" placeholder=\"\" id=\"forminator-field-textarea-1_69e20d97e659b\" class=\"forminator-textarea\" rows=\"6\" style=\"min-height:140px;\" ><\/textarea><\/div><\/div><\/div><div class=\"forminator-row\"><div id=\"consent-1\" class=\"forminator-field-consent forminator-col forminator-col-12\"><div class=\"forminator-field\"><label for=\"forminator-field-consent-1_69e20d97e659b\" id=\"forminator-field-consent-1_69e20d97e659b-label\" class=\"forminator-label\">Consent to data processing <span class=\"forminator-required\">*<\/span><\/label><div class=\"forminator-checkbox__wrapper\"><label id=\"forminator-field-consent-1_69e20d97e659b__label\" class=\"forminator-checkbox forminator-consent\"><input type=\"checkbox\" name=\"consent-1\" id=\"forminator-field-consent-1_69e20d97e659b\" value=\"checked\" aria-labelledby=\"forminator-field-consent-1_69e20d97e659b-label\" aria-describedby=\"forminator-field-consent-1_69e20d97e659b__description\" data-required=\"true\" aria-required=\"true\" \/><span class=\"forminator-checkbox-box\" aria-hidden=\"true\"><\/span><\/label><div id=\"forminator-field-consent-1_69e20d97e659b__description\" class=\"forminator-checkbox__label forminator-consent__label\"><p>Yes, I agree that my data just collected may be used in accordance with <a href=\"https:\/\/laokoon-security.com\/en\/data-protection\/\">Data protection regulations<\/a> and <a href=\"https:\/\/laokoon-security.com\/en\/data-protection\/\">GTC<\/a> may be processed by Laokoon Security GmbH.<\/p><\/div><\/div><\/div><\/div><\/div><\/div><button class=\"forminator-button forminator-pagination-submit\" style=\"display: none;\" disabled>Send message<\/button><\/div><input type=\"hidden\" name=\"referer_url\" value=\"\" \/><input type=\"hidden\" id=\"forminator_nonce\" name=\"forminator_nonce\" value=\"6940285d03\" \/><input type=\"hidden\" name=\"_wp_http_referer\" value=\"\/en\/wp-json\/wp\/v2\/pages\/1156\" \/><input type=\"hidden\" name=\"form_id\" value=\"1444\"><input type=\"hidden\" name=\"page_id\" value=\"1156\"><input type=\"hidden\" name=\"form_type\" value=\"default\"><input type=\"hidden\" name=\"current_url\" value=\"https:\/\/laokoon-security.com\/en\/service\/casmart\/\"><input type=\"hidden\" name=\"render_id\" value=\"0\"><input type=\"hidden\" name=\"action\" value=\"forminator_submit_form_custom-forms\"><label for=\"input_9\" class=\"forminator-hidden\" aria-hidden=\"true\">Please do not fill in this field. <input id=\"input_9\" type=\"text\" name=\"input_9\" value=\"\" autocomplete=\"off\"><\/label><input type=\"hidden\" name=\"trp-form-language\" value=\"en\"\/><\/form>\n<\/div>\n<\/div>\n\n\n\n<div class=\"wp-block-group is-nowrap is-layout-flex wp-container-core-group-is-layout-4f7ca424 wp-block-group-is-layout-flex\" style=\"margin-top:80px;margin-bottom:0px;padding-right:15px;padding-left:15px\">\n<div class=\"wp-block-group has-primary-background-color has-background is-content-justification-space-between is-layout-flex wp-container-core-group-is-layout-b34fc131 wp-block-group-is-layout-flex\" style=\"border-radius:10px;padding-top:30px;padding-right:30px;padding-bottom:30px;padding-left:30px\">\n<figure class=\"wp-block-image size-full lk-quote-icon\"><img decoding=\"async\" src=\"https:\/\/laokoon-security.com\/wp-content\/uploads\/2024\/01\/lk-quote.svg\" alt=\"\" class=\"wp-image-161\"\/><\/figure>\n\n\n\n<p class=\"lk-quote has-custom-wei-darkmode-ingnore-color has-text-color has-link-color wp-elements-0a9e79ae7f018d4195fe6357c43b118d wp-container-content-9e2f13cb\">The colleagues at Laokoon were on hand to answer any questions we had and provided uncomplicated support.<\/p>\n\n\n\n<p class=\"lk-quote-refer has-custom-wei-darkmode-ingnore-color has-text-color has-link-color wp-elements-5a652d193299fa90dc05bed09215521d wp-container-content-577e1c61\"><em>Team Leader Development<\/em><\/p>\n<\/div>\n<\/div>\n\n\n\n<style>\n.select2-selection {\n\tborder: none!important;\n\tbackground-color: var(--wp--preset--color--base)!important;\n\tcolor: var(--wp--preset--color--contrast)!important;\n}\n\n.forminator-select-dropdown-container--open .forminator-custom-form-1327.forminator-dropdown--default {\n\tbackground-color: var(--wp--preset--color--base)!important;\n\tcolor: var(--wp--preset--color--contrast)!important;\n}\n\n.select2-results__options  {\n\tbackground-color: var(--wp--preset--color--base)!important;\n\tcolor: var(--wp--preset--color--contrast)!important;\n}\n\n.select2-selection__rendered {\n\tcolor: var(--wp--preset--color--contrast)!important;\n}\n\n.forminator-select-dropdown {\nborder: none!important;\n}\n\n.select2-selection .forminator-icon-chevron-down {\n\tcolor: var(--wp--preset--color--primary)!important;\n}\n\n.select2-results {\n\tborder: none!important;\n}\n\n.select2-results__option--selected {\n\tbackground-color: var(--wp--preset--color--primary)!important;\n}\n\n<\/style>\n<\/div>","protected":false},"excerpt":{"rendered":"<p>CASMART &#8211; Continuous Attack Surface Monitoring and Red Teaming Ein klares Lagebild. Jederzeit. Continuous Attack Surface Monitoring and Red Teaming: Das steckt dahinter Continuous Attack Surface Monitoring and Red Teaming (kurz: CASMART) verhilft Unternehmen mit gewachsener IT-Security Infrastruktur zur \u00dcbersicht \u00fcber die aktuelle Cybersecurity Lage. Dabei st\u00fctzen wir uns nicht auf einzelne Tools, sondern bieten [&hellip;]<\/p>\n","protected":false},"author":3,"featured_media":1250,"parent":18,"menu_order":0,"comment_status":"closed","ping_status":"closed","template":"","meta":{"_acf_changed":false,"footnotes":""},"class_list":["post-1156","page","type-page","status-publish","has-post-thumbnail","hentry"],"acf":[],"_links":{"self":[{"href":"https:\/\/laokoon-security.com\/en\/wp-json\/wp\/v2\/pages\/1156","targetHints":{"allow":["GET"]}}],"collection":[{"href":"https:\/\/laokoon-security.com\/en\/wp-json\/wp\/v2\/pages"}],"about":[{"href":"https:\/\/laokoon-security.com\/en\/wp-json\/wp\/v2\/types\/page"}],"author":[{"embeddable":true,"href":"https:\/\/laokoon-security.com\/en\/wp-json\/wp\/v2\/users\/3"}],"replies":[{"embeddable":true,"href":"https:\/\/laokoon-security.com\/en\/wp-json\/wp\/v2\/comments?post=1156"}],"version-history":[{"count":7,"href":"https:\/\/laokoon-security.com\/en\/wp-json\/wp\/v2\/pages\/1156\/revisions"}],"predecessor-version":[{"id":3878,"href":"https:\/\/laokoon-security.com\/en\/wp-json\/wp\/v2\/pages\/1156\/revisions\/3878"}],"up":[{"embeddable":true,"href":"https:\/\/laokoon-security.com\/en\/wp-json\/wp\/v2\/pages\/18"}],"wp:featuredmedia":[{"embeddable":true,"href":"https:\/\/laokoon-security.com\/en\/wp-json\/wp\/v2\/media\/1250"}],"wp:attachment":[{"href":"https:\/\/laokoon-security.com\/en\/wp-json\/wp\/v2\/media?parent=1156"}],"curies":[{"name":"wp","href":"https:\/\/api.w.org\/{rel}","templated":true}]}}