{"id":4001,"date":"2025-04-14T20:45:06","date_gmt":"2025-04-14T18:45:06","guid":{"rendered":"https:\/\/laokoon-security.com\/?page_id=4001"},"modified":"2025-04-14T20:48:49","modified_gmt":"2025-04-14T18:48:49","slug":"newsletter-registration-successful","status":"publish","type":"page","link":"https:\/\/laokoon-security.com\/en\/newsletter-anmeldung-erfolgreich\/","title":{"rendered":"You have successfully registered!"},"content":{"rendered":"<div class=\"wp-block-columns are-vertically-aligned-center alignwide hero-section-v1 has-lk-gradient has-background is-layout-flex wp-container-core-columns-is-layout-4ab3942d wp-block-columns-is-layout-flex\" style=\"background:linear-gradient(149deg,rgb(21,54,73) 29%,rgb(109,128,140) 100%);padding-top:170px;padding-right:0px;padding-bottom:60px;padding-left:0px\">\n<div class=\"wp-block-column is-vertically-aligned-center is-layout-flow wp-block-column-is-layout-flow\">\n<div class=\"wp-block-columns are-vertically-aligned-center hero-divs-holder is-layout-flex wp-container-core-columns-is-layout-35b47e0a wp-block-columns-is-layout-flex\" style=\"padding-right:20px;padding-left:20px\">\n<div class=\"wp-block-column is-vertically-aligned-center is-layout-flow wp-block-column-is-layout-flow\" style=\"flex-basis:45%\">\n<p class=\"fade-up has-primary-color has-text-color has-link-color wp-elements-aec4c62fcc0137e3526c0b9c923cd2d6\"><strong>Our newsletter<\/strong><\/p>\n\n\n\n<h2 class=\"wp-block-heading fade-up has-contrast-color has-text-color has-link-color wp-elements-3461cc710122da4c94e91611f4593258\" style=\"font-style:normal;font-weight:600\">You have successfully subscribed to our newsletter!<\/h2>\n<\/div>\n\n\n\n<div class=\"wp-block-column is-vertically-aligned-center is-layout-flow wp-block-column-is-layout-flow\" style=\"flex-basis:50%\">\n<figure class=\"wp-block-image alignright size-full is-resized\"><img decoding=\"async\" src=\"https:\/\/laokoon-security.com\/wp-content\/uploads\/2024\/01\/laokoon-pentest.svg\" alt=\"\" class=\"wp-image-169\" style=\"width:520px\"\/><\/figure>\n<\/div>\n<\/div>\n<\/div>\n<\/div>\n\n\n\n<div class=\"wp-block-group is-layout-flex wp-block-group-is-layout-flex\" style=\"margin-top:150px;margin-bottom:150px;padding-top:0px;padding-right:20px;padding-bottom:0px;padding-left:20px\">\n<h2 class=\"wp-block-heading wp-container-content-958eb9dc\">Our newsletter - security in your mailbox!<\/h2>\n\n\n\n<div class=\"wp-block-group iconbox-container wp-container-content-958eb9dc is-content-justification-left is-layout-flex wp-container-core-group-is-layout-b58c94e2 wp-block-group-is-layout-flex\" style=\"padding-top:60px\">\n<div class=\"wp-block-group fade-up iconbox wp-container-content-dbad5875 is-vertical is-nowrap is-layout-flex wp-container-core-group-is-layout-dfa523fb wp-block-group-is-layout-flex\">\n<figure class=\"wp-block-image size-full\"><img decoding=\"async\" src=\"https:\/\/laokoon-security.com\/wp-content\/uploads\/2024\/01\/lk-resiienz.svg\" alt=\"\" class=\"wp-image-144\"\/><\/figure>\n\n\n\n<h6 class=\"wp-block-heading\">No spam!<\/h6>\n\n\n\n<p>Our promise: We won't clutter up your inbox!<\/p>\n<\/div>\n\n\n\n<div class=\"wp-block-group fade-up iconbox wp-container-content-dbad5875 is-vertical is-nowrap is-layout-flex wp-container-core-group-is-layout-dfa523fb wp-block-group-is-layout-flex\">\n<figure class=\"wp-block-image size-full\"><img decoding=\"async\" src=\"https:\/\/laokoon-security.com\/wp-content\/uploads\/2024\/01\/lk-daten.svg\" alt=\"\" class=\"wp-image-151\"\/><\/figure>\n\n\n\n<h6 class=\"wp-block-heading\">Only the most important things!<\/h6>\n\n\n\n<p>Less is more - we'll be brief and present you with the most important facts in a nutshell!<\/p>\n<\/div>\n\n\n\n<div class=\"wp-block-group fade-up iconbox wp-container-content-dbad5875 is-vertical is-nowrap is-layout-flex wp-container-core-group-is-layout-dfa523fb wp-block-group-is-layout-flex\">\n<figure class=\"wp-block-image size-full is-resized\"><img decoding=\"async\" src=\"https:\/\/laokoon-security.com\/wp-content\/uploads\/2024\/01\/lk-lieferketteb.svg\" alt=\"\" class=\"wp-image-152\" style=\"width:68px;height:auto\"\/><\/figure>\n\n\n\n<h6 class=\"wp-block-heading\">Quality you are used to!<\/h6>\n\n\n\n<p>Are you looking for interesting news and topics that move the industry? Here you go!<\/p>\n<\/div>\n<\/div>\n<\/div>\n\n\n\n<div class=\"wp-block-group is-nowrap is-layout-flex wp-container-core-group-is-layout-c185997d wp-block-group-is-layout-flex\" style=\"margin-top:150px;margin-bottom:150px;padding-right:15px;padding-left:15px\">\n<div class=\"wp-block-group has-primary-background-color has-background is-content-justification-space-between is-layout-flex wp-container-core-group-is-layout-b34fc131 wp-block-group-is-layout-flex\" style=\"border-radius:10px;padding-top:30px;padding-right:30px;padding-bottom:30px;padding-left:30px\">\n<figure class=\"wp-block-image size-full lk-quote-icon\"><img decoding=\"async\" src=\"https:\/\/laokoon-security.com\/wp-content\/uploads\/2024\/01\/lk-quote.svg\" alt=\"\" class=\"wp-image-161\"\/><\/figure>\n\n\n\n<p class=\"lk-quote has-custom-wei-darkmode-ingnore-color has-text-color has-link-color wp-elements-8b3c93a6bb8d6f9bfb18197073363ad9 wp-container-content-e7bfab89\">The colleagues at Laokoon were on hand to answer any questions we had and provided uncomplicated support.<\/p>\n\n\n\n<p class=\"lk-quote-refer has-custom-wei-darkmode-ingnore-color has-text-color has-link-color wp-elements-6e2d424af10d86266e92225d7e13f3ee wp-container-content-577e1c61\"><em>Team Leader Development<br><\/em><a href=\"https:\/\/laokoon-security.com\/en\/service\/web-app-penetration-test\/\" data-type=\"page\" data-id=\"30\"><span style=\"text-decoration: underline;\"><strong>Application PenTest<\/strong><\/span><\/a><\/p>\n\n\n\n<div class=\"wp-block-buttons lk-quote-cta wp-container-content-8919bbe9 is-layout-flex wp-block-buttons-is-layout-flex\" style=\"margin-top:20px;margin-bottom:20px\">\n<div class=\"wp-block-button\"><a class=\"wp-block-button__link has-custom-blau-darkmode-ignore-background-color has-background wp-element-button\">Book PenTest<\/a><\/div>\n<\/div>\n<\/div>\n<\/div>\n\n\n\n<div id=\"cta\" class=\"wp-block-group alignwide has-lk-gradient has-background is-vertical is-content-justification-center is-layout-flex wp-container-core-group-is-layout-2a962c2a wp-block-group-is-layout-flex\" style=\"background:linear-gradient(111deg,rgb(21,54,73) 4%,rgb(94,121,138) 100%);padding-top:100px;padding-bottom:100px;padding-left:0px\">\n<div class=\"wp-block-group is-content-justification-space-between is-layout-flex wp-container-core-group-is-layout-8820e02c wp-block-group-is-layout-flex\" style=\"padding-right:20px;padding-left:20px\">\n<div class=\"wp-block-group cta-footer-content wp-container-content-2f62e668 is-layout-flex wp-block-group-is-layout-flex\" style=\"padding-right:20px;padding-left:20px\">\n<h3 class=\"wp-block-heading has-text-align-left wp-container-content-958eb9dc\">Secure your IT now!<\/h3>\n\n\n\n<ul class=\"checklist has-contrast-color has-text-color has-link-color wp-block-list wp-elements-77eb75476f3e30fdb41d950146faf06b wp-container-content-958eb9dc\">\n<li class=\"fade-up\">Extensive experience in the field of offensive security<\/li>\n\n\n\n<li class=\"fade-up\">Clear communication<\/li>\n\n\n\n<li class=\"fade-up\">Concrete solutions<\/li>\n<\/ul>\n\n\n\n<p><\/p>\n<\/div>\n\n\n\n<div class=\"wp-block-group cta-footer-form has-contrast-background-color has-background wp-container-content-4fb2e66a is-layout-flex wp-container-core-group-is-layout-03c12fd1 wp-block-group-is-layout-flex\" style=\"border-radius:10px;padding-top:50px;padding-right:50px;padding-bottom:50px;padding-left:50px\"><p><div class=\"forminator-ui forminator-custom-form forminator-custom-form-1328 forminator-design--default  forminator_ajax\" data-forminator-render=\"0\" data-form=\"forminator-module-1328\" data-uid=\"69e8b1819bbe6\"><br\/><\/div><form\n\t\t\t\tid=\"forminator-module-1328\"\n\t\t\t\tclass=\"forminator-ui forminator-custom-form forminator-custom-form-1328 forminator-design--default  forminator_ajax\"\n\t\t\t\tmethod=\"post\"\n\t\t\t\tdata-forminator-render=\"0\"\n\t\t\t\tdata-form-id=\"1328\"\n\t\t\t\t data-color-option=\"default\" data-design=\"default\" data-grid=\"open\" style=\"display: none;\"\n\t\t\t\tdata-uid=\"69e8b1819bbe6\" action=\"\"\n\t\t\t><div role=\"alert\" aria-live=\"polite\" class=\"forminator-response-message forminator-error\" aria-hidden=\"true\"><\/div><div class=\"forminator-row\"><div id=\"name-1\" class=\"forminator-field-name forminator-col forminator-col-12\"><div class=\"forminator-field\"><label for=\"forminator-field-name-1_69e8b1819bbe6\" id=\"forminator-field-name-1_69e8b1819bbe6-label\" class=\"forminator-label\">Name <span class=\"forminator-required\">*<\/span><\/label><input type=\"text\" name=\"name-1\" value=\"\" placeholder=\"z. e.g. Max Mustermann\" id=\"forminator-field-name-1_69e8b1819bbe6\" class=\"forminator-input forminator-name--field\" aria-required=\"true\" autocomplete=\"name\" \/><\/div><\/div><\/div><div class=\"forminator-row\"><div id=\"email-1\" class=\"forminator-field-email forminator-col forminator-col-6\"><div class=\"forminator-field\"><label for=\"forminator-field-email-1_69e8b1819bbe6\" id=\"forminator-field-email-1_69e8b1819bbe6-label\" class=\"forminator-label\">e-mail address<\/label><input type=\"email\" name=\"email-1\" value=\"\" placeholder=\"z. E.G. max@mustermann.de\" id=\"forminator-field-email-1_69e8b1819bbe6\" class=\"forminator-input forminator-email--field\" data-required=\"\" aria-required=\"false\" autocomplete=\"email\" \/><\/div><\/div><div id=\"phone-1\" class=\"forminator-field-phone forminator-col forminator-col-6\"><div class=\"forminator-field\"><label for=\"forminator-field-phone-1_69e8b1819bbe6\" id=\"forminator-field-phone-1_69e8b1819bbe6-label\" class=\"forminator-label\">Telephone<\/label><input type=\"text\" name=\"phone-1\" value=\"\" placeholder=\"z. B.: +49 123 4567 89\" id=\"forminator-field-phone-1_69e8b1819bbe6\" class=\"forminator-input forminator-field--phone\" data-required=\"\" aria-required=\"false\" autocomplete=\"off\" \/><\/div><\/div><\/div><div class=\"forminator-row\"><div id=\"textarea-1\" class=\"forminator-field-textarea forminator-col forminator-col-12\"><div class=\"forminator-field\"><label for=\"forminator-field-textarea-1_69e8b1819bbe6\" id=\"forminator-field-textarea-1_69e8b1819bbe6-label\" class=\"forminator-label\">What would you like to tell us?<\/label><textarea name=\"textarea-1\" placeholder=\"\" id=\"forminator-field-textarea-1_69e8b1819bbe6\" class=\"forminator-textarea\" rows=\"6\" style=\"--forminator-textarea-min-height:140px;\" ><\/textarea><\/div><\/div><\/div><div class=\"forminator-row\"><div id=\"consent-1\" class=\"forminator-field-consent forminator-col forminator-col-12\"><div class=\"forminator-field\"><label for=\"forminator-field-consent-1_69e8b1819bbe6\" id=\"forminator-field-consent-1_69e8b1819bbe6-label\" class=\"forminator-label\">Consent to data processing <span class=\"forminator-required\">*<\/span><\/label><div class=\"forminator-checkbox__wrapper\"><label id=\"forminator-field-consent-1_69e8b1819bbe6__label\" class=\"forminator-checkbox forminator-consent\"><input type=\"checkbox\" name=\"consent-1\" id=\"forminator-field-consent-1_69e8b1819bbe6\" value=\"checked\" aria-labelledby=\"forminator-field-consent-1_69e8b1819bbe6-label\" aria-describedby=\"forminator-field-consent-1_69e8b1819bbe6__description\" data-required=\"true\" aria-required=\"true\" \/><span class=\"forminator-checkbox-box\" aria-hidden=\"true\"><\/span><\/label><div id=\"forminator-field-consent-1_69e8b1819bbe6__description\" class=\"forminator-checkbox__label forminator-consent__label\"><p>Yes, I agree that my data just collected may be used in accordance with <a href=\"https:\/\/laokoon-security.com\/en\/data-protection\/\">Data protection regulations<\/a> and <a href=\"https:\/\/laokoon-security.com\/en\/data-protection\/\">GTC<\/a> may be processed by Laokoon Security GmbH.<\/p><\/div><\/div><\/div><\/div><\/div><div class=\"forminator-row\"><div id=\"checkbox-1\" class=\"forminator-field-checkbox forminator-col forminator-col-12  forminator-hidden\"><div role=\"group\" class=\"forminator-field\" aria-labelledby=\"forminator-checkbox-group-forminator-field-checkbox-1-69e8b1819bbe6-label\"><span id=\"forminator-checkbox-group-forminator-field-checkbox-1-69e8b1819bbe6-label\" class=\"forminator-label\">Checkbox<\/span><label id=\"forminator-field-checkbox-1-1-69e8b1819bbe6-label\" for=\"forminator-field-checkbox-1-1-69e8b1819bbe6\" class=\"forminator-checkbox\" title=\"\/dev\/null please\"><input type=\"checkbox\" name=\"checkbox-1[]\" value=\"one\" id=\"forminator-field-checkbox-1-1-69e8b1819bbe6\" aria-labelledby=\"forminator-field-checkbox-1-1-69e8b1819bbe6-label\" data-calculation=\"0\"   data-hidden-behavior=\"zero\" aria-describedby=\"forminator-field-checkbox-1-69e8b1819bbe6-description\"\/><span class=\"forminator-checkbox-box\" aria-hidden=\"true\"><\/span><span class=\"forminator-checkbox-label\">\/dev\/null please<\/span><\/label><span id=\"forminator-field-checkbox-1-69e8b1819bbe6-description\" class=\"forminator-description\">My contact request should be piped directly to \/dev\/null.<\/span><\/div><\/div><\/div><input type=\"hidden\" name=\"referer_url\" value=\"\" \/><div class=\"forminator-row forminator-row-last\"><div class=\"forminator-col\"><div class=\"forminator-field\"><button class=\"forminator-button forminator-button-submit\">Send message<\/button><\/div><\/div><\/div><input type=\"hidden\" id=\"forminator_nonce\" name=\"forminator_nonce\" value=\"948e7801a3\" \/><input type=\"hidden\" name=\"_wp_http_referer\" value=\"\/en\/wp-json\/wp\/v2\/pages\/4001\" \/><input type=\"hidden\" name=\"form_id\" value=\"1328\"><input type=\"hidden\" name=\"page_id\" value=\"4001\"><input type=\"hidden\" name=\"form_type\" value=\"default\"><input type=\"hidden\" name=\"current_url\" value=\"https:\/\/laokoon-security.com\/en\/newsletter-anmeldung-erfolgreich\/\"><input type=\"hidden\" name=\"render_id\" value=\"0\"><input type=\"hidden\" name=\"action\" value=\"forminator_submit_form_custom-forms\"><label for=\"input_7\" class=\"forminator-hidden\" aria-hidden=\"true\">Please do not fill in this field. <input id=\"input_7\" type=\"text\" name=\"input_7\" value=\"\" autocomplete=\"off\"><\/label><input type=\"hidden\" name=\"trp-form-language\" value=\"en\"\/><\/form><\/p>\n<\/div>\n\n\n\n<div class=\"wp-block-group has-primary-background-color has-background is-content-justification-space-between is-layout-flex wp-container-core-group-is-layout-d59d9b0b wp-block-group-is-layout-flex\" style=\"border-radius:10px;margin-top:var(--wp--preset--spacing--60);margin-bottom:var(--wp--preset--spacing--60);padding-top:30px;padding-right:30px;padding-bottom:30px;padding-left:30px\">\n<figure class=\"wp-block-image size-full lk-quote-icon\"><img decoding=\"async\" src=\"https:\/\/laokoon-security.com\/wp-content\/uploads\/2024\/01\/lk-quote.svg\" alt=\"\" class=\"wp-image-161\"\/><\/figure>\n\n\n\n<p class=\"lk-quote has-custom-wei-darkmode-ingnore-color has-text-color has-link-color wp-elements-0a9e79ae7f018d4195fe6357c43b118d wp-container-content-9e2f13cb\">The colleagues at Laokoon were on hand to answer any questions we had and provided uncomplicated support.<\/p>\n\n\n\n<p class=\"lk-quote-refer has-custom-wei-darkmode-ingnore-color has-text-color has-link-color wp-elements-5a652d193299fa90dc05bed09215521d wp-container-content-577e1c61\"><em>Team Leader Development<\/em><\/p>\n<\/div>\n\n\n\n<style>\n.select2-selection {\n\tborder: none!important;\n\tbackground-color: var(--wp--preset--color--base)!important;\n\tcolor: var(--wp--preset--color--contrast)!important;\n}\n\n.forminator-select-dropdown-container--open .forminator-custom-form-1327.forminator-dropdown--default {\n\tbackground-color: var(--wp--preset--color--base)!important;\n\tcolor: var(--wp--preset--color--contrast)!important;\n}\n\n.select2-results__options  {\n\tbackground-color: var(--wp--preset--color--base)!important;\n\tcolor: var(--wp--preset--color--contrast)!important;\n}\n\n.select2-selection__rendered {\n\tcolor: var(--wp--preset--color--contrast)!important;\n}\n\n.forminator-select-dropdown {\nborder: none!important;\n}\n\n.select2-selection .forminator-icon-chevron-down {\n\tcolor: var(--wp--preset--color--primary)!important;\n}\n\n.select2-results {\n\tborder: none!important;\n}\n\n.select2-results__option--selected {\n\tbackground-color: var(--wp--preset--color--primary)!important;\n}\n\n<\/style>\n<\/div>\n<\/div>","protected":false},"excerpt":{"rendered":"<p>Unser Newsletter Sie haben sich erfolgreich zu unserem Newsletter angemeldet! Unser Newsletter &#8211; Sicherheit in Ihr Postfach! Kein Spam! Unser Versprechen: Wir m\u00fcllen Ihnen nicht Ihr Postfach zu! Nur das Wichtigste! Weniger ist mehr &#8211; wir fassen uns kurz und pr\u00e4sentieren Ihnen das Wichtigste in K\u00fcrze! Qualit\u00e4t, die Sie gewohnt sind! Sie sind auf der [&hellip;]<\/p>\n","protected":false},"author":3,"featured_media":0,"parent":0,"menu_order":0,"comment_status":"closed","ping_status":"closed","template":"","meta":{"_acf_changed":false,"footnotes":""},"class_list":["post-4001","page","type-page","status-publish","hentry"],"acf":[],"_links":{"self":[{"href":"https:\/\/laokoon-security.com\/en\/wp-json\/wp\/v2\/pages\/4001","targetHints":{"allow":["GET"]}}],"collection":[{"href":"https:\/\/laokoon-security.com\/en\/wp-json\/wp\/v2\/pages"}],"about":[{"href":"https:\/\/laokoon-security.com\/en\/wp-json\/wp\/v2\/types\/page"}],"author":[{"embeddable":true,"href":"https:\/\/laokoon-security.com\/en\/wp-json\/wp\/v2\/users\/3"}],"replies":[{"embeddable":true,"href":"https:\/\/laokoon-security.com\/en\/wp-json\/wp\/v2\/comments?post=4001"}],"version-history":[{"count":4,"href":"https:\/\/laokoon-security.com\/en\/wp-json\/wp\/v2\/pages\/4001\/revisions"}],"predecessor-version":[{"id":4006,"href":"https:\/\/laokoon-security.com\/en\/wp-json\/wp\/v2\/pages\/4001\/revisions\/4006"}],"wp:attachment":[{"href":"https:\/\/laokoon-security.com\/en\/wp-json\/wp\/v2\/media?parent=4001"}],"curies":[{"name":"wp","href":"https:\/\/api.w.org\/{rel}","templated":true}]}}