{"id":42,"date":"2024-01-08T11:10:52","date_gmt":"2024-01-08T10:10:52","guid":{"rendered":"https:\/\/laokoon-security.com\/?page_id=42"},"modified":"2024-11-27T11:53:41","modified_gmt":"2024-11-27T10:53:41","slug":"sensory-test","status":"publish","type":"page","link":"https:\/\/laokoon-security.com\/en\/service\/sensoriktest\/","title":{"rendered":"Sensory test"},"content":{"rendered":"<div class=\"wp-block-columns are-vertically-aligned-center alignwide hero-section-v1 has-lk-gradient has-background is-layout-flex wp-container-core-columns-is-layout-4ab3942d wp-block-columns-is-layout-flex\" style=\"background:linear-gradient(149deg,rgb(21,54,73) 29%,rgb(109,128,140) 100%);padding-top:170px;padding-right:0px;padding-bottom:60px;padding-left:0px\">\n<div class=\"wp-block-column is-vertically-aligned-center is-layout-flow wp-block-column-is-layout-flow\">\n<div class=\"wp-block-columns are-vertically-aligned-center hero-divs-holder is-layout-flex wp-container-core-columns-is-layout-35b47e0a wp-block-columns-is-layout-flex\" style=\"padding-right:20px;padding-left:20px\">\n<div class=\"wp-block-column is-vertically-aligned-center is-layout-flow wp-block-column-is-layout-flow\" style=\"flex-basis:45%\">\n<p class=\"fade-up has-primary-color has-text-color has-link-color wp-elements-3d2c7659ced8c483e95dd635e65edb86\"><strong>Sensory test<\/strong><\/p>\n\n\n\n<h1 class=\"wp-block-heading fade-up has-contrast-color has-text-color has-link-color wp-elements-588087a9e3a3b276e9d14b506204aa97\" style=\"font-style:normal;font-weight:600\">Does your SOC deliver what it promises?<\/h1>\n\n\n\n<div class=\"wp-block-buttons is-layout-flex wp-block-buttons-is-layout-flex\" style=\"margin-top:40px\">\n<div class=\"wp-block-button fade-up\"><a class=\"wp-block-button__link wp-element-button\" href=\"#cta\">Start sensory test<\/a><\/div>\n\n\n\n<div class=\"wp-block-button fade-up\"><a class=\"wp-block-button__link has-contrast-color has-text-color has-background has-link-color has-border-color has-primary-border-color wp-element-button\" href=\"https:\/\/laokoon-security.com\/en\/contact\/\" style=\"border-width:2px;background-color:#ffffff00\">Get advice<\/a><\/div>\n<\/div>\n<\/div>\n\n\n\n<div class=\"wp-block-column is-vertically-aligned-center is-layout-flow wp-block-column-is-layout-flow\" style=\"flex-basis:50%\">\n<figure class=\"wp-block-image alignright size-full is-resized\"><img decoding=\"async\" src=\"https:\/\/laokoon-security.com\/wp-content\/uploads\/2024\/01\/laokoon-sensoriktest.svg\" alt=\"Sensory test\" class=\"wp-image-491\" style=\"width:520px\"\/><\/figure>\n<\/div>\n<\/div>\n<\/div>\n<\/div>\n\n\n\n<div class=\"wp-block-group is-content-justification-space-between is-layout-flex wp-container-core-group-is-layout-e5780d3d wp-block-group-is-layout-flex\" style=\"margin-top:100px;margin-bottom:150px;padding-right:20px;padding-left:20px\">\n<div class=\"wp-block-group contentbox-main-container wp-container-content-663c14dd is-vertical is-nowrap is-layout-flex wp-container-core-group-is-layout-a687b86e wp-block-group-is-layout-flex\" style=\"padding-right:60px\">\n<div class=\"wp-block-group wp-container-content-958eb9dc is-horizontal is-layout-flex wp-container-core-group-is-layout-c21e46d5 wp-block-group-is-layout-flex\" style=\"margin-top:50px;margin-bottom:50px\">\n<div class=\"wp-block-group is-vertical is-layout-flex wp-container-core-group-is-layout-1393db22 wp-block-group-is-layout-flex\" style=\"margin-top:0px;margin-bottom:0px\">\n<h2 class=\"wp-block-heading\">External and internal sensory test with constantly increasing intensity<\/h2>\n\n\n\n<p>Our \"sensor test\" service offers you the opportunity to check and specifically improve the effectiveness and efficiency of your security systems and processes. We simulate both external and internal attacks with a steadily increasing intensity in order to activate the sensors and monitoring mechanisms used by your security operator or SOC service provider.<\/p>\n\n\n\n<p>The test aims to detect malicious traffic, report incidents and trigger incident response processes. This enables you to respond to security incidents at an early stage, strengthen coordinated alerting and escalation channels and improve your organisation's ability to act.<\/p>\n<\/div>\n\n\n\n<div class=\"wp-block-group is-vertical is-layout-flex wp-container-core-group-is-layout-1393db22 wp-block-group-is-layout-flex\" style=\"margin-top:0px;margin-bottom:0px\">\n<h3 class=\"wp-block-heading\">Does your SOC deliver what it promises?<\/h3>\n\n\n\n<p>Companies often invest a large part of their IT security budget in monitoring their own networks, often through external service providers. EDR solutions are also used across the board so that not only the sensors at the company's perimeter can be monitored, but also the numerous client systems. In addition to the comprehensive monitoring of the company's own IT infrastructure, it is particularly important to strengthen the ability to act through fast and coordinated alerting and escalation channels.<\/p>\n\n\n\n<p>With our sensory test, you can check the effectiveness of the measures taken and at the same time identify areas that need to be improved.<\/p>\n<\/div>\n\n\n\n<div class=\"wp-block-group is-vertical is-layout-flex wp-container-core-group-is-layout-1393db22 wp-block-group-is-layout-flex\" style=\"margin-top:0px;margin-bottom:0px\">\n<h3 class=\"wp-block-heading\">Typical attacker behaviour patterns<\/h3>\n\n\n\n<p>Our sensor test procedure is carried out in consultation with your IT security managers. We simulate typical attacker behaviour patterns from the outside, starting from the Internet, as well as from the inside, e.g. through compromised individual systems or potential internal perpetrators in the company network. We adjust the intensity of the measures during the test period to ensure gradual activation of the sensors and alerting processes.<\/p>\n<\/div>\n\n\n\n<div class=\"wp-block-group is-vertical is-layout-flex wp-container-core-group-is-layout-1393db22 wp-block-group-is-layout-flex\" style=\"margin-top:0px;margin-bottom:0px\">\n<h3 class=\"wp-block-heading\">Focus on analysing monitoring<\/h3>\n\n\n\n<p>It is important to note that our focus is not on covertly moving around the network or attempting actual intrusions. Rather, it's about activating your surveillance systems in a targeted manner and testing how effectively they respond to potential attacks.<\/p>\n\n\n\n<p>The explicit search for possible intrusion paths and vulnerabilities, such as in vulnerability analyses, penetration tests and red team campaigns, is not always part of the assignment. Nevertheless, in consultation with the responsible information security managers, vulnerabilities known from previous audits, for example, can be considered.<\/p>\n<\/div>\n\n\n\n<div class=\"wp-block-group is-vertical is-layout-flex wp-container-core-group-is-layout-1393db22 wp-block-group-is-layout-flex\" style=\"margin-top:0px;margin-bottom:0px\">\n<h3 class=\"wp-block-heading\">Different scenarios conceivable<\/h3>\n\n\n\n<p>Various measures can be carried out as part of the sensor test, including automated vulnerability scans with a high probability of detection, attacks against Azure AD, communication from the internal network to the C2 infrastructure (command and control), communication in atypical or supposedly dangerous IP address ranges, simulation of the exfiltration of large amounts of data and web shell communication.<\/p>\n\n\n\n<p>The results of the test enable you to identify the strengths and weaknesses of your security systems and take targeted measures to improve cyber security. A conscious focus on the functionality and efficiency of your sensor technology is crucial to protect your IT infrastructure from advanced threats.<\/p>\n\n\n\n<p>Rely on our expertise and experience in cyber security to strengthen the security of your IT environment and arm yourself against the increasing complexity of cyber threats. Contact us to find out more about our sensor test and our comprehensive security solutions.<\/p>\n<\/div>\n<\/div>\n<\/div>\n\n\n\n<div class=\"wp-block-group sticky-cta-box has-contrast-background-color has-background wp-container-content-2f62e668 is-vertical is-nowrap is-layout-flex wp-container-core-group-is-layout-7e91b5de wp-block-group-is-layout-flex wp-container-1 is-position-sticky\" style=\"border-radius:10px;margin-top:30px;padding-top:35px;padding-right:35px;padding-bottom:35px;padding-left:35px\">\n<h6 class=\"wp-block-heading has-base-color has-text-color has-link-color wp-elements-83514ce6bff46953f04974fd5ea81880\">When does a sensory test make sense for my company?<\/h6>\n\n\n\n<ul class=\"wp-block-list checklist has-base-color has-text-color has-link-color wp-elements-39aa8b483d65fa63e2aa3e6c4debcb55\">\n<li>You spend a lot of money on a managed SOC and want to know what it brings.<\/li>\n\n\n\n<li>You want to put your processes to the test when detecting malicious network traffic.<\/li>\n\n\n\n<li>They want facts instead of a sense of security.<\/li>\n\n\n\n<li>You want to find out where there is potential for improvement.<\/li>\n<\/ul>\n\n\n\n<div class=\"wp-block-buttons service-container-cta is-layout-flex wp-block-buttons-is-layout-flex\" style=\"margin-top:25px\">\n<div class=\"wp-block-button\"><a class=\"wp-block-button__link wp-element-button\" href=\"#cta\">Start sensory test now<\/a><\/div>\n<\/div>\n<\/div>\n<\/div>\n\n\n\n<div id=\"cta\" class=\"wp-block-group alignwide has-lk-gradient has-background is-vertical is-content-justification-center is-layout-flex wp-container-core-group-is-layout-2a962c2a wp-block-group-is-layout-flex\" style=\"background:linear-gradient(111deg,rgb(21,54,73) 4%,rgb(94,121,138) 100%);padding-top:100px;padding-bottom:100px;padding-left:0px\">\n<div class=\"wp-block-group is-content-justification-space-between is-layout-flex wp-container-core-group-is-layout-8820e02c wp-block-group-is-layout-flex\" style=\"padding-right:20px;padding-left:20px\">\n<div class=\"wp-block-group cta-footer-content wp-container-content-2f62e668 is-layout-flex wp-block-group-is-layout-flex\" style=\"padding-right:20px;padding-left:20px\">\n<h3 class=\"wp-block-heading has-text-align-left wp-container-content-958eb9dc\">Secure your IT now!<\/h3>\n\n\n\n<ul class=\"checklist has-contrast-color has-text-color has-link-color wp-block-list wp-elements-94d378b02289daa3b1444a4f5402d6a8 wp-container-content-958eb9dc\">\n<li class=\"fade-up\">Extensive experience in the field of offensive security<\/li>\n\n\n\n<li class=\"fade-up\">Broad experience in the team<\/li>\n\n\n\n<li class=\"fade-up\">Highly secure solutions that do not open new doors for attackers<\/li>\n<\/ul>\n<\/div>\n\n\n\n<div class=\"wp-block-group cta-footer-form has-contrast-background-color has-background wp-container-content-4fb2e66a is-layout-flex wp-container-core-group-is-layout-03c12fd1 wp-block-group-is-layout-flex\" style=\"border-radius:10px;padding-top:50px;padding-right:50px;padding-bottom:50px;padding-left:50px\"><p><div class=\"forminator-ui forminator-custom-form forminator-custom-form-1444 forminator-design--default  forminator_ajax\" data-forminator-render=\"0\" data-form=\"forminator-module-1444\" data-uid=\"6a00cae4d0d06\"><br\/><\/div><form\n\t\t\t\tid=\"forminator-module-1444\"\n\t\t\t\tclass=\"forminator-ui forminator-custom-form forminator-custom-form-1444 forminator-design--default  forminator_ajax\"\n\t\t\t\tmethod=\"post\"\n\t\t\t\tdata-forminator-render=\"0\"\n\t\t\t\tdata-form-id=\"1444\"\n\t\t\t\t data-color-option=\"default\" data-design=\"default\" data-grid=\"open\" style=\"display: none;\"\n\t\t\t\tdata-uid=\"6a00cae4d0d06\" action=\"\"\n\t\t\t><div role=\"alert\" aria-live=\"polite\" class=\"forminator-response-message forminator-error\" aria-hidden=\"true\"><\/div><div\n\t\t\t\ttabindex=\"-1\"\n\t\t\t\trole=\"tabpanel\"\n\t\t\t\tid=\"forminator-custom-form-1444--page-0\"\n\t\t\t\tclass=\"forminator-pagination forminator-pagination-start\"\n\t\t\t\taria-labelledby=\"forminator-custom-form-1444--page-0-label\"\n\t\t\t\tdata-step=\"0\"\n\t\t\t\tdata-label=\"Finish\"\n\t\t\t\tdata-actual-label=\"Page 1\"\n\t\t\t\tdata-name=\"page-break-1\"\n\t\t\t><div class=\"forminator-pagination--content\"><div class=\"forminator-row\"><div id=\"html-1\" class=\"forminator-field-html forminator-col forminator-col-12\"><div class=\"forminator-field forminator-merge-tags\" data-field=\"html-1\"><label class=\"forminator-label\">Attack is the best defence!<\/label><h4 class=\"has-base-color\">Order a sensory test now!<\/h4><\/div><\/div><\/div><div class=\"forminator-row\"><div id=\"checkbox-1\" class=\"forminator-field-checkbox forminator-col forminator-col-12\"><div role=\"group\" class=\"forminator-field required\" aria-labelledby=\"forminator-checkbox-group-forminator-field-checkbox-1-6a00cae4d0d06-label\"><span id=\"forminator-checkbox-group-forminator-field-checkbox-1-6a00cae4d0d06-label\" class=\"forminator-label\">What types of attack simulations should be carried out? <span class=\"forminator-required\">*<\/span><\/span><label id=\"forminator-field-checkbox-1-1-6a00cae4d0d06-label\" for=\"forminator-field-checkbox-1-1-6a00cae4d0d06\" class=\"forminator-checkbox forminator-checkbox-inline\" title=\"Red Teaming\"><input type=\"checkbox\" name=\"checkbox-1[]\" value=\"redteaming\" id=\"forminator-field-checkbox-1-1-6a00cae4d0d06\" aria-labelledby=\"forminator-field-checkbox-1-1-6a00cae4d0d06-label\" data-calculation=\"0\"   data-hidden-behavior=\"zero\"\/><span class=\"forminator-checkbox-box\" aria-hidden=\"true\"><\/span><span class=\"forminator-checkbox-label\">Red Teaming<\/span><\/label><label id=\"forminator-field-checkbox-1-2-6a00cae4d0d06-label\" for=\"forminator-field-checkbox-1-2-6a00cae4d0d06\" class=\"forminator-checkbox forminator-checkbox-inline\" title=\"Assume Breach\"><input type=\"checkbox\" name=\"checkbox-1[]\" value=\"assumebreach\" id=\"forminator-field-checkbox-1-2-6a00cae4d0d06\" aria-labelledby=\"forminator-field-checkbox-1-2-6a00cae4d0d06-label\" data-calculation=\"0\"   data-hidden-behavior=\"zero\"\/><span class=\"forminator-checkbox-box\" aria-hidden=\"true\"><\/span><span class=\"forminator-checkbox-label\">Assume Breach<\/span><\/label><label id=\"forminator-field-checkbox-1-3-6a00cae4d0d06-label\" for=\"forminator-field-checkbox-1-3-6a00cae4d0d06\" class=\"forminator-checkbox forminator-checkbox-inline\" title=\"Sensory test\"><input type=\"checkbox\" name=\"checkbox-1[]\" value=\"sensoriktest\" id=\"forminator-field-checkbox-1-3-6a00cae4d0d06\" aria-labelledby=\"forminator-field-checkbox-1-3-6a00cae4d0d06-label\" data-calculation=\"0\"   data-hidden-behavior=\"zero\"\/><span class=\"forminator-checkbox-box\" aria-hidden=\"true\"><\/span><span class=\"forminator-checkbox-label\">Sensory test<\/span><\/label><label id=\"forminator-field-checkbox-1-4-6a00cae4d0d06-label\" for=\"forminator-field-checkbox-1-4-6a00cae4d0d06\" class=\"forminator-checkbox forminator-checkbox-inline\" title=\"CASMART\"><input type=\"checkbox\" name=\"checkbox-1[]\" value=\"CASMART\" id=\"forminator-field-checkbox-1-4-6a00cae4d0d06\" aria-labelledby=\"forminator-field-checkbox-1-4-6a00cae4d0d06-label\" data-calculation=\"0\"   data-hidden-behavior=\"zero\"\/><span class=\"forminator-checkbox-box\" aria-hidden=\"true\"><\/span><span class=\"forminator-checkbox-label\">CASMART<\/span><\/label><\/div><\/div><\/div><\/div><\/div><div\n\t\t\t\ttabindex=\"-1\"\n\t\t\t\trole=\"tabpanel\"\n\t\t\t\tid=\"forminator-custom-form-1444--page-1\"\n\t\t\t\tclass=\"forminator-pagination\"\n\t\t\t\taria-labelledby=\"forminator-custom-form-1444--page-1-label\"\n\t\t\t\taria-hidden=\"true\"\n\t\t\t\tdata-step=\"1\"\n\t\t\t\tdata-label=\"Page  1\"\n\t\t\t\tdata-actual-label=\"Page 2\"\n\t\t\t\tdata-name=\"page-break-3\"\n\t\t\t\thidden\n\t\t\t><div class=\"forminator-pagination--content\"><div class=\"forminator-row\"><div id=\"select-1\" class=\"forminator-field-select forminator-col forminator-col-12\"><div class=\"forminator-field\"><label for=\"forminator-form-1444__field--select-1_6a00cae4d0d06\" id=\"forminator-form-1444__field--select-1_6a00cae4d0d06-label\" class=\"forminator-label\">Have penetration tests and other types of attack simulations already been carried out in the past?<\/label><select  id=\"forminator-form-1444__field--select-1_6a00cae4d0d06\" class=\"forminator-select--field forminator-select2 forminator-select2-multiple\" data-required=\"\" name=\"select-1\" data-default-value=\"\" data-hidden-behavior=\"zero\" data-placeholder=\"\" data-search=\"false\" data-search-placeholder=\"\" data-checkbox=\"false\" data-allow-clear=\"false\" aria-labelledby=\"forminator-form-1444__field--select-1_6a00cae4d0d06-label\"><option value=\"yes\"  data-calculation=\"0\">Yes<\/option><option value=\"no\"  data-calculation=\"0\">No<\/option><\/select><\/div><\/div><\/div><div class=\"forminator-row\"><div id=\"date-1\" class=\"forminator-field-date forminator-col forminator-col-12\"><div class=\"forminator-field\"><label for=\"forminator-field-date-1-picker_6a00cae4d0d06\" id=\"forminator-field-date-1-picker_6a00cae4d0d06-label\" class=\"forminator-label\">What is the best time to start implementation?<\/label><div class=\"forminator-input-with-icon\"><span class=\"forminator-icon-calendar\" aria-hidden=\"true\"><\/span><input autocomplete=\"off\" type=\"text\" size=\"1\" name=\"date-1\" value=\"\" placeholder=\"Select date\" id=\"forminator-field-date-1-picker_6a00cae4d0d06\" class=\"forminator-input forminator-datepicker\" data-required=\"\" data-format=\"mm\/dd\/yy\" data-restrict-type=\"\" data-restrict=\"\" data-start-year=\"1926\" data-end-year=\"2126\" data-past-dates=\"enable\" data-start-of-week=\"1\" data-start-date=\"\" data-end-date=\"\" data-start-field=\"\" data-end-field=\"\" data-start-offset=\"\" data-end-offset=\"\" data-disable-date=\"\" data-disable-range=\"\" \/><\/div><\/div><\/div><\/div><\/div><\/div><div\n\t\t\t\ttabindex=\"-1\"\n\t\t\t\trole=\"tabpanel\"\n\t\t\t\tid=\"forminator-custom-form-1444--page-2\"\n\t\t\t\tclass=\"forminator-pagination\"\n\t\t\t\taria-labelledby=\"forminator-custom-form-1444--page-2-label\"\n\t\t\t\taria-hidden=\"true\"\n\t\t\t\tdata-step=\"2\"\n\t\t\t\tdata-label=\"Page  2\"\n\t\t\t\tdata-actual-label=\"Page 3\"\n\t\t\t\tdata-name=\"\"\n\t\t\t\thidden\n\t\t\t><div class=\"forminator-pagination--content\"><div class=\"forminator-row\"><div id=\"name-1\" class=\"forminator-field-name forminator-col forminator-col-12\"><div class=\"forminator-field\"><label for=\"forminator-field-name-1_6a00cae4d0d06\" id=\"forminator-field-name-1_6a00cae4d0d06-label\" class=\"forminator-label\">Name <span class=\"forminator-required\">*<\/span><\/label><input type=\"text\" name=\"name-1\" value=\"\" placeholder=\"z. e.g. Max Mustermann\" id=\"forminator-field-name-1_6a00cae4d0d06\" class=\"forminator-input forminator-name--field\" aria-required=\"true\" autocomplete=\"name\" \/><\/div><\/div><\/div><div class=\"forminator-row\"><div id=\"email-1\" class=\"forminator-field-email forminator-col forminator-col-6\"><div class=\"forminator-field\"><label for=\"forminator-field-email-1_6a00cae4d0d06\" id=\"forminator-field-email-1_6a00cae4d0d06-label\" class=\"forminator-label\">e-mail address<\/label><input type=\"email\" name=\"email-1\" value=\"\" placeholder=\"z. E.G. max@mustermann.de\" id=\"forminator-field-email-1_6a00cae4d0d06\" class=\"forminator-input forminator-email--field\" data-required=\"\" aria-required=\"false\" autocomplete=\"email\" \/><\/div><\/div><div id=\"phone-1\" class=\"forminator-field-phone forminator-col forminator-col-6\"><div class=\"forminator-field\"><label for=\"forminator-field-phone-1_6a00cae4d0d06\" id=\"forminator-field-phone-1_6a00cae4d0d06-label\" class=\"forminator-label\">Telephone <span class=\"forminator-required\">*<\/span><\/label><input type=\"text\" name=\"phone-1\" value=\"\" placeholder=\"z. B.: +49 123 4567 89\" id=\"forminator-field-phone-1_6a00cae4d0d06\" class=\"forminator-input forminator-field--phone\" data-required=\"1\" aria-required=\"true\" autocomplete=\"off\" \/><\/div><\/div><\/div><div class=\"forminator-row\"><div id=\"textarea-1\" class=\"forminator-field-textarea forminator-col forminator-col-12\"><div class=\"forminator-field\"><label for=\"forminator-field-textarea-1_6a00cae4d0d06\" id=\"forminator-field-textarea-1_6a00cae4d0d06-label\" class=\"forminator-label\">Do you have further information that we should know?<\/label><textarea name=\"textarea-1\" placeholder=\"\" id=\"forminator-field-textarea-1_6a00cae4d0d06\" class=\"forminator-textarea\" rows=\"6\" style=\"--forminator-textarea-min-height:140px;\" ><\/textarea><\/div><\/div><\/div><div class=\"forminator-row\"><div id=\"consent-1\" class=\"forminator-field-consent forminator-col forminator-col-12\"><div class=\"forminator-field\"><label for=\"forminator-field-consent-1_6a00cae4d0d06\" id=\"forminator-field-consent-1_6a00cae4d0d06-label\" class=\"forminator-label\">Consent to data processing <span class=\"forminator-required\">*<\/span><\/label><div class=\"forminator-checkbox__wrapper\"><label id=\"forminator-field-consent-1_6a00cae4d0d06__label\" class=\"forminator-checkbox forminator-consent\"><input type=\"checkbox\" name=\"consent-1\" id=\"forminator-field-consent-1_6a00cae4d0d06\" value=\"checked\" aria-labelledby=\"forminator-field-consent-1_6a00cae4d0d06-label\" aria-describedby=\"forminator-field-consent-1_6a00cae4d0d06__description\" data-required=\"true\" aria-required=\"true\" \/><span class=\"forminator-checkbox-box\" aria-hidden=\"true\"><\/span><\/label><div id=\"forminator-field-consent-1_6a00cae4d0d06__description\" class=\"forminator-checkbox__label forminator-consent__label\"><p>Yes, I agree that my data just collected may be used in accordance with <a href=\"https:\/\/laokoon-security.com\/en\/data-protection\/\">Data protection regulations<\/a> and <a href=\"https:\/\/laokoon-security.com\/en\/data-protection\/\">GTC<\/a> may be processed by Laokoon Security GmbH.<\/p><\/div><\/div><\/div><\/div><\/div><\/div><button class=\"forminator-button forminator-pagination-submit\" style=\"display: none;\" disabled>Send message<\/button><\/div><input type=\"hidden\" name=\"referer_url\" value=\"\" \/><input type=\"hidden\" id=\"forminator_nonce\" name=\"forminator_nonce\" value=\"e36cd022bf\" \/><input type=\"hidden\" name=\"_wp_http_referer\" value=\"\/en\/wp-json\/wp\/v2\/pages\/42\" \/><input type=\"hidden\" name=\"form_id\" value=\"1444\"><input type=\"hidden\" name=\"page_id\" value=\"42\"><input type=\"hidden\" name=\"form_type\" value=\"default\"><input type=\"hidden\" name=\"current_url\" value=\"https:\/\/laokoon-security.com\/en\/service\/sensoriktest\/\"><input type=\"hidden\" name=\"render_id\" value=\"0\"><input type=\"hidden\" name=\"action\" value=\"forminator_submit_form_custom-forms\"><label for=\"input_9\" class=\"forminator-hidden\" aria-hidden=\"true\">Please do not fill in this field. <input id=\"input_9\" type=\"text\" name=\"input_9\" value=\"\" autocomplete=\"off\"><\/label><input type=\"hidden\" name=\"trp-form-language\" value=\"en\"\/><\/form><\/p>\n<\/div>\n<\/div>\n\n\n\n<div class=\"wp-block-group is-nowrap is-layout-flex wp-container-core-group-is-layout-4f7ca424 wp-block-group-is-layout-flex\" style=\"margin-top:80px;margin-bottom:0px;padding-right:15px;padding-left:15px\">\n<div class=\"wp-block-group has-primary-background-color has-background is-content-justification-space-between is-layout-flex wp-container-core-group-is-layout-b34fc131 wp-block-group-is-layout-flex\" style=\"border-radius:10px;padding-top:30px;padding-right:30px;padding-bottom:30px;padding-left:30px\">\n<figure class=\"wp-block-image size-full lk-quote-icon\"><img decoding=\"async\" src=\"https:\/\/laokoon-security.com\/wp-content\/uploads\/2024\/01\/lk-quote.svg\" alt=\"\" class=\"wp-image-161\"\/><\/figure>\n\n\n\n<p class=\"lk-quote has-custom-wei-darkmode-ingnore-color has-text-color has-link-color wp-elements-0a9e79ae7f018d4195fe6357c43b118d wp-container-content-9e2f13cb\">The colleagues at Laokoon were on hand to answer any questions we had and provided uncomplicated support.<\/p>\n\n\n\n<p class=\"lk-quote-refer has-custom-wei-darkmode-ingnore-color has-text-color has-link-color wp-elements-5a652d193299fa90dc05bed09215521d wp-container-content-577e1c61\"><em>Team Leader Development<\/em><\/p>\n<\/div>\n<\/div>\n\n\n\n<style>\n.select2-selection {\n\tborder: none!important;\n\tbackground-color: var(--wp--preset--color--base)!important;\n\tcolor: var(--wp--preset--color--contrast)!important;\n}\n\n.forminator-select-dropdown-container--open .forminator-custom-form-1327.forminator-dropdown--default {\n\tbackground-color: var(--wp--preset--color--base)!important;\n\tcolor: var(--wp--preset--color--contrast)!important;\n}\n\n.select2-results__options  {\n\tbackground-color: var(--wp--preset--color--base)!important;\n\tcolor: var(--wp--preset--color--contrast)!important;\n}\n\n.select2-selection__rendered {\n\tcolor: var(--wp--preset--color--contrast)!important;\n}\n\n.forminator-select-dropdown {\nborder: none!important;\n}\n\n.select2-selection .forminator-icon-chevron-down {\n\tcolor: var(--wp--preset--color--primary)!important;\n}\n\n.select2-results {\n\tborder: none!important;\n}\n\n.select2-results__option--selected {\n\tbackground-color: var(--wp--preset--color--primary)!important;\n}\n\n<\/style>\n<\/div>","protected":false},"excerpt":{"rendered":"<p>Sensoriktest H\u00e4lt Ihr SOC, was es verspricht? Externer und interner Sensoriktest mit stetig steigernder Intensit\u00e4t Unsere Dienstleistung \u201cSensoriktest\u201d bietet Ihnen die M\u00f6glichkeit, die Wirksamkeit und Effizienz Ihrer Sicherheitssysteme und Prozesse zu \u00fcberpr\u00fcfen und gezielt zu verbessern. Wir simulieren dabei sowohl externe als auch interne Angriffe mit einer stetig steigenden Intensit\u00e4t, um die Sensoren und \u00dcberwachungsmechanismen, [&hellip;]<\/p>\n","protected":false},"author":1,"featured_media":491,"parent":18,"menu_order":0,"comment_status":"closed","ping_status":"closed","template":"","meta":{"_acf_changed":false,"footnotes":""},"class_list":["post-42","page","type-page","status-publish","has-post-thumbnail","hentry"],"acf":[],"_links":{"self":[{"href":"https:\/\/laokoon-security.com\/en\/wp-json\/wp\/v2\/pages\/42","targetHints":{"allow":["GET"]}}],"collection":[{"href":"https:\/\/laokoon-security.com\/en\/wp-json\/wp\/v2\/pages"}],"about":[{"href":"https:\/\/laokoon-security.com\/en\/wp-json\/wp\/v2\/types\/page"}],"author":[{"embeddable":true,"href":"https:\/\/laokoon-security.com\/en\/wp-json\/wp\/v2\/users\/1"}],"replies":[{"embeddable":true,"href":"https:\/\/laokoon-security.com\/en\/wp-json\/wp\/v2\/comments?post=42"}],"version-history":[{"count":8,"href":"https:\/\/laokoon-security.com\/en\/wp-json\/wp\/v2\/pages\/42\/revisions"}],"predecessor-version":[{"id":3821,"href":"https:\/\/laokoon-security.com\/en\/wp-json\/wp\/v2\/pages\/42\/revisions\/3821"}],"up":[{"embeddable":true,"href":"https:\/\/laokoon-security.com\/en\/wp-json\/wp\/v2\/pages\/18"}],"wp:featuredmedia":[{"embeddable":true,"href":"https:\/\/laokoon-security.com\/en\/wp-json\/wp\/v2\/media\/491"}],"wp:attachment":[{"href":"https:\/\/laokoon-security.com\/en\/wp-json\/wp\/v2\/media?parent=42"}],"curies":[{"name":"wp","href":"https:\/\/api.w.org\/{rel}","templated":true}]}}