{"id":52,"date":"2024-01-08T11:13:11","date_gmt":"2024-01-08T10:13:11","guid":{"rendered":"https:\/\/laokoon-security.com\/?page_id=52"},"modified":"2024-11-27T12:40:56","modified_gmt":"2024-11-27T11:40:56","slug":"live-hacking-events","status":"publish","type":"page","link":"https:\/\/laokoon-security.com\/en\/service\/live-hacking-events\/","title":{"rendered":"Live Hacking Events"},"content":{"rendered":"<div class=\"wp-block-columns are-vertically-aligned-center alignwide hero-section-v1 has-lk-gradient has-background is-layout-flex wp-container-core-columns-is-layout-4ab3942d wp-block-columns-is-layout-flex\" style=\"background:linear-gradient(149deg,rgb(21,54,73) 29%,rgb(109,128,140) 100%);padding-top:170px;padding-right:0px;padding-bottom:60px;padding-left:0px\">\n<div class=\"wp-block-column is-vertically-aligned-center is-layout-flow wp-block-column-is-layout-flow\">\n<div class=\"wp-block-columns are-vertically-aligned-center hero-divs-holder is-layout-flex wp-container-core-columns-is-layout-35b47e0a wp-block-columns-is-layout-flex\" style=\"padding-right:20px;padding-left:20px\">\n<div class=\"wp-block-column is-vertically-aligned-center is-layout-flow wp-block-column-is-layout-flow\" style=\"flex-basis:45%\">\n<p class=\"fade-up has-primary-color has-text-color has-link-color wp-elements-dfc94fea7c2151306e25aa5a47b3156c\"><strong>Live Hacking Events<\/strong><\/p>\n\n\n\n<h1 class=\"wp-block-heading fade-up has-contrast-color has-text-color has-link-color wp-elements-b110702de1c737aeff1d2be8dece3d2f\" style=\"font-style:normal;font-weight:600\">Our hackers on site!<\/h1>\n\n\n\n<div class=\"wp-block-buttons is-layout-flex wp-block-buttons-is-layout-flex\" style=\"margin-top:40px\">\n<div class=\"wp-block-button fade-up\"><a class=\"wp-block-button__link wp-element-button\" href=\"#cta\">Request live hacking<\/a><\/div>\n\n\n\n<div class=\"wp-block-button fade-up\"><a class=\"wp-block-button__link has-contrast-color has-text-color has-background has-link-color has-border-color has-primary-border-color wp-element-button\" href=\"https:\/\/laokoon-security.com\/en\/contact\/\" style=\"border-width:2px;background-color:#ffffff00\">Get advice<\/a><\/div>\n<\/div>\n<\/div>\n\n\n\n<div class=\"wp-block-column is-vertically-aligned-center is-layout-flow wp-block-column-is-layout-flow\" style=\"flex-basis:50%\">\n<figure class=\"wp-block-image alignright size-full is-resized\"><img decoding=\"async\" src=\"https:\/\/laokoon-security.com\/wp-content\/uploads\/2024\/01\/laokoon-live-hacking-events.svg\" alt=\"Live hacking\" class=\"wp-image-546\" style=\"width:520px\"\/><\/figure>\n<\/div>\n<\/div>\n<\/div>\n<\/div>\n\n\n\n<div class=\"wp-block-group is-content-justification-space-between is-layout-flex wp-container-core-group-is-layout-e5780d3d wp-block-group-is-layout-flex\" style=\"margin-top:100px;margin-bottom:150px;padding-right:20px;padding-left:20px\">\n<div class=\"wp-block-group contentbox-main-container wp-container-content-663c14dd is-vertical is-nowrap is-layout-flex wp-container-core-group-is-layout-a687b86e wp-block-group-is-layout-flex\" style=\"padding-right:60px\">\n<div class=\"wp-block-group is-horizontal is-layout-flex wp-block-group-is-layout-flex\" style=\"margin-top:50px;margin-bottom:50px\">\n<h2 class=\"wp-block-heading\">Live Hacking Events<\/h2>\n\n\n\n<p>Pictures say more than a thousand words and personal experiences are more memorable than simple presentations.<\/p>\n\n\n\n<p>Live hacking can shed more light on the cybersecurity world and provide a clearer understanding of IT security and the existing threats.<\/p>\n\n\n\n<p>We have created different scenarios for this and customise our live hacking sessions to the respective target group. This means that both amateurs and IT professionals get their money's worth and learn about new facets.<\/p>\n\n\n\n<p>Live hacking events are ideal for training employees and key personnel and provide a stimulating impetus for further discussions at company events and trade fairs.<\/p>\n<\/div>\n<\/div>\n\n\n\n<div class=\"wp-block-group sticky-cta-box has-contrast-background-color has-background wp-container-content-2f62e668 is-vertical is-nowrap is-layout-flex wp-container-core-group-is-layout-7e91b5de wp-block-group-is-layout-flex wp-container-1 is-position-sticky\" style=\"border-radius:10px;margin-top:30px;padding-top:35px;padding-right:35px;padding-bottom:35px;padding-left:35px\">\n<h6 class=\"wp-block-heading has-base-color has-text-color has-link-color wp-elements-9bc904d3955a391320683b788dfe6f09\">When does a live hacking event make sense for my company?<\/h6>\n\n\n\n<ul class=\"wp-block-list checklist has-base-color has-text-color has-link-color wp-elements-ec678861a5cd5d1e993d6498dcded072\">\n<li>You are no longer in the mood for boring IT security training, but look forward to entertaining practical examples.<\/li>\n\n\n\n<li>You want to raise awareness of the relevance of IT security among your employees as part of an event.<\/li>\n\n\n\n<li>You want to experience an entertaining awareness training programme tailored to your company.<\/li>\n\n\n\n<li>You can look forward to exciting insights, real hacker experiences and cutting-edge examples.<\/li>\n<\/ul>\n\n\n\n<div class=\"wp-block-buttons service-container-cta is-layout-flex wp-block-buttons-is-layout-flex\" style=\"margin-top:25px\">\n<div class=\"wp-block-button\"><a class=\"wp-block-button__link wp-element-button\" href=\"#cta\">Book live hacking<\/a><\/div>\n<\/div>\n<\/div>\n<\/div>\n\n\n\n<div id=\"cta\" class=\"wp-block-group alignwide has-lk-gradient has-background is-vertical is-content-justification-center is-layout-flex wp-container-core-group-is-layout-2a962c2a wp-block-group-is-layout-flex\" style=\"background:linear-gradient(111deg,rgb(21,54,73) 4%,rgb(94,121,138) 100%);padding-top:100px;padding-bottom:100px;padding-left:0px\">\n<div class=\"wp-block-group is-content-justification-space-between is-layout-flex wp-container-core-group-is-layout-8820e02c wp-block-group-is-layout-flex\" style=\"padding-right:20px;padding-left:20px\">\n<div class=\"wp-block-group cta-footer-content wp-container-content-2f62e668 is-layout-flex wp-block-group-is-layout-flex\" style=\"padding-right:20px;padding-left:20px\">\n<h3 class=\"wp-block-heading has-text-align-left wp-container-content-958eb9dc\">Make your team IT-competent now!<\/h3>\n\n\n\n<ul class=\"wp-block-list checklist has-contrast-color has-text-color has-link-color wp-elements-6de6561bbda3fd593e01abaade667f84 wp-container-content-958eb9dc\">\n<li class=\"fade-up\">Extensive experience in the field of offensive security<\/li>\n\n\n\n<li class=\"fade-up\">Broad experience in the team<\/li>\n\n\n\n<li class=\"fade-up\">Highly secure solutions that do not open new doors for attackers<\/li>\n<\/ul>\n<\/div>\n\n\n\n<div class=\"wp-block-group cta-footer-form has-contrast-background-color has-background wp-container-content-4fb2e66a is-layout-flex wp-container-core-group-is-layout-03c12fd1 wp-block-group-is-layout-flex\" style=\"border-radius:10px;padding-top:50px;padding-right:50px;padding-bottom:50px;padding-left:50px\"><div class=\"forminator-ui forminator-custom-form forminator-custom-form-1451 forminator-design--default  forminator_ajax\" data-forminator-render=\"0\" data-form=\"forminator-module-1451\" data-uid=\"69ded3b4ec1d2\"><br\/><\/div><form\n\t\t\t\tid=\"forminator-module-1451\"\n\t\t\t\tclass=\"forminator-ui forminator-custom-form forminator-custom-form-1451 forminator-design--default  forminator_ajax\"\n\t\t\t\tmethod=\"post\"\n\t\t\t\tdata-forminator-render=\"0\"\n\t\t\t\tdata-form-id=\"1451\"\n\t\t\t\t data-color-option=\"default\" data-design=\"default\" data-grid=\"open\" style=\"display: none;\"\n\t\t\t\tdata-uid=\"69ded3b4ec1d2\" action=\"\"\n\t\t\t><div role=\"alert\" aria-live=\"polite\" class=\"forminator-response-message forminator-error\" aria-hidden=\"true\"><\/div><div class=\"forminator-row\"><div id=\"html-1\" class=\"forminator-field-html forminator-col forminator-col-12\"><div class=\"forminator-field forminator-merge-tags\" data-field=\"html-1\"><h4 class=\"has-base-color\">Are you interested in live hacking events?<\/h4><\/div><\/div><\/div><div class=\"forminator-row\"><div id=\"checkbox-1\" class=\"forminator-field-checkbox forminator-col forminator-col-12\"><div role=\"group\" class=\"forminator-field required\" aria-labelledby=\"forminator-checkbox-group-forminator-field-checkbox-1-69ded3b4ec1d2-label\"><span id=\"forminator-checkbox-group-forminator-field-checkbox-1-69ded3b4ec1d2-label\" class=\"forminator-label\">What type of training are you interested in? <span class=\"forminator-required\">*<\/span><\/span><label id=\"forminator-field-checkbox-1-1-69ded3b4ec1d2-label\" for=\"forminator-field-checkbox-1-1-69ded3b4ec1d2\" class=\"forminator-checkbox forminator-checkbox-inline\" title=\"Employee awareness\"><input type=\"checkbox\" name=\"checkbox-1[]\" value=\"awareness\" id=\"forminator-field-checkbox-1-1-69ded3b4ec1d2\" aria-labelledby=\"forminator-field-checkbox-1-1-69ded3b4ec1d2-label\" data-calculation=\"0\"   data-hidden-behavior=\"zero\"\/><span class=\"forminator-checkbox-box\" aria-hidden=\"true\"><\/span><span class=\"forminator-checkbox-label\">Employee awareness<\/span><\/label><label id=\"forminator-field-checkbox-1-2-69ded3b4ec1d2-label\" for=\"forminator-field-checkbox-1-2-69ded3b4ec1d2\" class=\"forminator-checkbox forminator-checkbox-inline\" title=\"Live hacking lecture\"><input type=\"checkbox\" name=\"checkbox-1[]\" value=\"livehacking\" id=\"forminator-field-checkbox-1-2-69ded3b4ec1d2\" aria-labelledby=\"forminator-field-checkbox-1-2-69ded3b4ec1d2-label\" data-calculation=\"0\"   data-hidden-behavior=\"zero\"\/><span class=\"forminator-checkbox-box\" aria-hidden=\"true\"><\/span><span class=\"forminator-checkbox-label\">Live hacking lecture<\/span><\/label><label id=\"forminator-field-checkbox-1-3-69ded3b4ec1d2-label\" for=\"forminator-field-checkbox-1-3-69ded3b4ec1d2\" class=\"forminator-checkbox forminator-checkbox-inline\" title=\"Workshop for decision-makers and those at risk\"><input type=\"checkbox\" name=\"checkbox-1[]\" value=\"E-G-Workshop\" id=\"forminator-field-checkbox-1-3-69ded3b4ec1d2\" aria-labelledby=\"forminator-field-checkbox-1-3-69ded3b4ec1d2-label\" data-calculation=\"0\"   data-hidden-behavior=\"zero\"\/><span class=\"forminator-checkbox-box\" aria-hidden=\"true\"><\/span><span class=\"forminator-checkbox-label\">Workshop for decision-makers and those at risk<\/span><\/label><label id=\"forminator-field-checkbox-1-4-69ded3b4ec1d2-label\" for=\"forminator-field-checkbox-1-4-69ded3b4ec1d2\" class=\"forminator-checkbox forminator-checkbox-inline\" title=\"Specialist training\"><input type=\"checkbox\" name=\"checkbox-1[]\" value=\"spezialistentraining\" id=\"forminator-field-checkbox-1-4-69ded3b4ec1d2\" aria-labelledby=\"forminator-field-checkbox-1-4-69ded3b4ec1d2-label\" data-calculation=\"0\"   data-hidden-behavior=\"zero\"\/><span class=\"forminator-checkbox-box\" aria-hidden=\"true\"><\/span><span class=\"forminator-checkbox-label\">Specialist training<\/span><\/label><label id=\"forminator-field-checkbox-1-5-69ded3b4ec1d2-label\" for=\"forminator-field-checkbox-1-5-69ded3b4ec1d2\" class=\"forminator-checkbox forminator-checkbox-inline\" title=\"Cyber Range\"><input type=\"checkbox\" name=\"checkbox-1[]\" value=\"cyberrange\" id=\"forminator-field-checkbox-1-5-69ded3b4ec1d2\" aria-labelledby=\"forminator-field-checkbox-1-5-69ded3b4ec1d2-label\" data-calculation=\"0\"   data-hidden-behavior=\"zero\"\/><span class=\"forminator-checkbox-box\" aria-hidden=\"true\"><\/span><span class=\"forminator-checkbox-label\">Cyber Range<\/span><\/label><\/div><\/div><\/div><div class=\"forminator-row\"><div id=\"name-1\" class=\"forminator-field-name forminator-col forminator-col-12\"><div class=\"forminator-field\"><label for=\"forminator-field-name-1_69ded3b4ec1d2\" id=\"forminator-field-name-1_69ded3b4ec1d2-label\" class=\"forminator-label\">Name <span class=\"forminator-required\">*<\/span><\/label><input type=\"text\" name=\"name-1\" value=\"\" placeholder=\"z. e.g. Max Mustermann\" id=\"forminator-field-name-1_69ded3b4ec1d2\" class=\"forminator-input forminator-name--field\" aria-required=\"true\" autocomplete=\"name\" \/><\/div><\/div><\/div><div class=\"forminator-row\"><div id=\"email-1\" class=\"forminator-field-email forminator-col forminator-col-6\"><div class=\"forminator-field\"><label for=\"forminator-field-email-1_69ded3b4ec1d2\" id=\"forminator-field-email-1_69ded3b4ec1d2-label\" class=\"forminator-label\">e-mail address<\/label><input type=\"email\" name=\"email-1\" value=\"\" placeholder=\"z. E.G. max@mustermann.de\" id=\"forminator-field-email-1_69ded3b4ec1d2\" class=\"forminator-input forminator-email--field\" data-required=\"\" aria-required=\"false\" autocomplete=\"email\" \/><\/div><\/div><div id=\"phone-1\" class=\"forminator-field-phone forminator-col forminator-col-6\"><div class=\"forminator-field\"><label for=\"forminator-field-phone-1_69ded3b4ec1d2\" id=\"forminator-field-phone-1_69ded3b4ec1d2-label\" class=\"forminator-label\">Telephone <span class=\"forminator-required\">*<\/span><\/label><input type=\"text\" name=\"phone-1\" value=\"\" placeholder=\"z. B.: +49 123 4567 89\" id=\"forminator-field-phone-1_69ded3b4ec1d2\" class=\"forminator-input forminator-field--phone\" data-required=\"1\" aria-required=\"true\" autocomplete=\"off\" \/><\/div><\/div><\/div><div class=\"forminator-row\"><div id=\"textarea-1\" class=\"forminator-field-textarea forminator-col forminator-col-12\"><div class=\"forminator-field\"><label for=\"forminator-field-textarea-1_69ded3b4ec1d2\" id=\"forminator-field-textarea-1_69ded3b4ec1d2-label\" class=\"forminator-label\">Do you have further information that you would like to send us in advance?<\/label><textarea name=\"textarea-1\" placeholder=\"\" id=\"forminator-field-textarea-1_69ded3b4ec1d2\" class=\"forminator-textarea\" rows=\"6\" style=\"min-height:140px;\" ><\/textarea><\/div><\/div><\/div><div class=\"forminator-row\"><div id=\"consent-1\" class=\"forminator-field-consent forminator-col forminator-col-12\"><div class=\"forminator-field\"><label for=\"forminator-field-consent-1_69ded3b4ec1d2\" id=\"forminator-field-consent-1_69ded3b4ec1d2-label\" class=\"forminator-label\">Consent to data processing <span class=\"forminator-required\">*<\/span><\/label><div class=\"forminator-checkbox__wrapper\"><label id=\"forminator-field-consent-1_69ded3b4ec1d2__label\" class=\"forminator-checkbox forminator-consent\"><input type=\"checkbox\" name=\"consent-1\" id=\"forminator-field-consent-1_69ded3b4ec1d2\" value=\"checked\" aria-labelledby=\"forminator-field-consent-1_69ded3b4ec1d2-label\" aria-describedby=\"forminator-field-consent-1_69ded3b4ec1d2__description\" data-required=\"true\" aria-required=\"true\" \/><span class=\"forminator-checkbox-box\" aria-hidden=\"true\"><\/span><\/label><div id=\"forminator-field-consent-1_69ded3b4ec1d2__description\" class=\"forminator-checkbox__label forminator-consent__label\"><p>Yes, I agree that my data just collected may be used in accordance with <a href=\"https:\/\/laokoon-security.com\/en\/data-protection\/\">Data protection regulations<\/a> and <a href=\"https:\/\/laokoon-security.com\/en\/data-protection\/\">GTC<\/a> may be processed by Laokoon Security GmbH.<\/p><\/div><\/div><\/div><\/div><\/div><div class=\"forminator-row\"><div id=\"checkbox-2\" class=\"forminator-field-checkbox forminator-col forminator-col-12  forminator-hidden\"><div role=\"group\" class=\"forminator-field\" aria-labelledby=\"forminator-checkbox-group-forminator-field-checkbox-2-69ded3b4ec1d2-label\"><span id=\"forminator-checkbox-group-forminator-field-checkbox-2-69ded3b4ec1d2-label\" class=\"forminator-label\">I don't want to buy this training, please.<\/span><label id=\"forminator-field-checkbox-2-1-69ded3b4ec1d2-label\" for=\"forminator-field-checkbox-2-1-69ded3b4ec1d2\" class=\"forminator-checkbox\" title=\"away with it\"><input type=\"checkbox\" name=\"checkbox-2[]\" value=\"one\" id=\"forminator-field-checkbox-2-1-69ded3b4ec1d2\" aria-labelledby=\"forminator-field-checkbox-2-1-69ded3b4ec1d2-label\" data-calculation=\"0\"   data-hidden-behavior=\"zero\"\/><span class=\"forminator-checkbox-box\" aria-hidden=\"true\"><\/span><span class=\"forminator-checkbox-label\">away with it<\/span><\/label><\/div><\/div><\/div><input type=\"hidden\" name=\"referer_url\" value=\"\" \/><div class=\"forminator-row forminator-row-last\"><div class=\"forminator-col\"><div class=\"forminator-field\"><button class=\"forminator-button forminator-button-submit\">Send message<\/button><\/div><\/div><\/div><input type=\"hidden\" id=\"forminator_nonce\" name=\"forminator_nonce\" value=\"a33ad473bc\" \/><input type=\"hidden\" name=\"_wp_http_referer\" value=\"\/en\/wp-json\/wp\/v2\/pages\/52\" \/><input type=\"hidden\" name=\"form_id\" value=\"1451\"><input type=\"hidden\" name=\"page_id\" value=\"52\"><input type=\"hidden\" name=\"form_type\" value=\"default\"><input type=\"hidden\" name=\"current_url\" value=\"https:\/\/laokoon-security.com\/en\/service\/live-hacking-events\/\"><input type=\"hidden\" name=\"render_id\" value=\"0\"><input type=\"hidden\" name=\"action\" value=\"forminator_submit_form_custom-forms\"><label for=\"input_8\" class=\"forminator-hidden\" aria-hidden=\"true\">Please do not fill in this field. <input id=\"input_8\" type=\"text\" name=\"input_8\" value=\"\" autocomplete=\"off\"><\/label><input type=\"hidden\" name=\"trp-form-language\" value=\"en\"\/><\/form>\n<\/div>\n<\/div>\n\n\n\n<div class=\"wp-block-group is-nowrap is-layout-flex wp-container-core-group-is-layout-4f7ca424 wp-block-group-is-layout-flex\" style=\"margin-top:80px;margin-bottom:0px;padding-right:15px;padding-left:15px\">\n<div class=\"wp-block-group has-primary-background-color has-background is-content-justification-space-between is-layout-flex wp-container-core-group-is-layout-b34fc131 wp-block-group-is-layout-flex\" style=\"border-radius:10px;padding-top:30px;padding-right:30px;padding-bottom:30px;padding-left:30px\">\n<figure class=\"wp-block-image size-full lk-quote-icon\"><img decoding=\"async\" src=\"https:\/\/laokoon-security.com\/wp-content\/uploads\/2024\/01\/lk-quote.svg\" alt=\"\" class=\"wp-image-161\"\/><\/figure>\n\n\n\n<p class=\"lk-quote has-custom-wei-darkmode-ingnore-color has-text-color has-link-color wp-elements-ffda064c92df506fc2031f014bef2ba6 wp-container-content-9e2f13cb\">The colleagues at Laokoon were on hand to answer any questions we had and provided uncomplicated support.<\/p>\n\n\n\n<p class=\"lk-quote-refer has-custom-wei-darkmode-ingnore-color has-text-color has-link-color wp-elements-040497febd61907b844637c834dbeef6 wp-container-content-577e1c61\"><em>Team Leader Development<\/em><\/p>\n<\/div>\n<\/div>\n\n\n\n<style>\n.select2-selection {\n\tborder: none!important;\n\tbackground-color: var(--wp--preset--color--base)!important;\n\tcolor: var(--wp--preset--color--contrast)!important;\n}\n\n.forminator-select-dropdown-container--open .forminator-custom-form-1327.forminator-dropdown--default {\n\tbackground-color: var(--wp--preset--color--base)!important;\n\tcolor: var(--wp--preset--color--contrast)!important;\n}\n\n.select2-results__options  {\n\tbackground-color: var(--wp--preset--color--base)!important;\n\tcolor: var(--wp--preset--color--contrast)!important;\n}\n\n.select2-selection__rendered {\n\tcolor: var(--wp--preset--color--contrast)!important;\n}\n\n.forminator-select-dropdown {\nborder: none!important;\n}\n\n.select2-selection .forminator-icon-chevron-down {\n\tcolor: var(--wp--preset--color--primary)!important;\n}\n\n.select2-results {\n\tborder: none!important;\n}\n\n.select2-results__option--selected {\n\tbackground-color: var(--wp--preset--color--primary)!important;\n}\n\n<\/style>\n<\/div>","protected":false},"excerpt":{"rendered":"<p>Live Hacking Events Unsere Hacker vor Ort! Live Hacking Events Bilder sagen mehr als tausend Worte und eigene Erfahrungen bleiben nachhaltiger im Ged\u00e4chtnis als einfache Pr\u00e4sentationen. Live Hackings k\u00f6nnen mehr Licht ins Dunkel der Cybersecurity-Welt bringen und f\u00fcr ein klareres Verst\u00e4ndnis f\u00fcr IT-Sicherheit und die existierenden Gefahren sorgen. Wir haben hierf\u00fcr unterschiedliche Szenarien erstellt und [&hellip;]<\/p>\n","protected":false},"author":1,"featured_media":546,"parent":18,"menu_order":0,"comment_status":"closed","ping_status":"closed","template":"","meta":{"_acf_changed":false,"footnotes":""},"class_list":["post-52","page","type-page","status-publish","has-post-thumbnail","hentry"],"acf":[],"_links":{"self":[{"href":"https:\/\/laokoon-security.com\/en\/wp-json\/wp\/v2\/pages\/52","targetHints":{"allow":["GET"]}}],"collection":[{"href":"https:\/\/laokoon-security.com\/en\/wp-json\/wp\/v2\/pages"}],"about":[{"href":"https:\/\/laokoon-security.com\/en\/wp-json\/wp\/v2\/types\/page"}],"author":[{"embeddable":true,"href":"https:\/\/laokoon-security.com\/en\/wp-json\/wp\/v2\/users\/1"}],"replies":[{"embeddable":true,"href":"https:\/\/laokoon-security.com\/en\/wp-json\/wp\/v2\/comments?post=52"}],"version-history":[{"count":8,"href":"https:\/\/laokoon-security.com\/en\/wp-json\/wp\/v2\/pages\/52\/revisions"}],"predecessor-version":[{"id":3838,"href":"https:\/\/laokoon-security.com\/en\/wp-json\/wp\/v2\/pages\/52\/revisions\/3838"}],"up":[{"embeddable":true,"href":"https:\/\/laokoon-security.com\/en\/wp-json\/wp\/v2\/pages\/18"}],"wp:featuredmedia":[{"embeddable":true,"href":"https:\/\/laokoon-security.com\/en\/wp-json\/wp\/v2\/media\/546"}],"wp:attachment":[{"href":"https:\/\/laokoon-security.com\/en\/wp-json\/wp\/v2\/media?parent=52"}],"curies":[{"name":"wp","href":"https:\/\/api.w.org\/{rel}","templated":true}]}}