{"id":54,"date":"2024-01-08T11:13:28","date_gmt":"2024-01-08T10:13:28","guid":{"rendered":"https:\/\/laokoon-security.com\/?page_id=54"},"modified":"2024-11-28T11:30:16","modified_gmt":"2024-11-28T10:30:16","slug":"decision-makers-and-endangered-workshops","status":"publish","type":"page","link":"https:\/\/laokoon-security.com\/en\/service\/entscheider-und-gefaehrdeten-workshops\/","title":{"rendered":"Workshops for decision-makers and those at risk"},"content":{"rendered":"<div class=\"wp-block-columns are-vertically-aligned-center alignwide hero-section-v1 has-lk-gradient has-background is-layout-flex wp-container-core-columns-is-layout-4ab3942d wp-block-columns-is-layout-flex\" style=\"background:linear-gradient(149deg,rgb(21,54,73) 29%,rgb(109,128,140) 100%);padding-top:170px;padding-right:0px;padding-bottom:60px;padding-left:0px\">\n<div class=\"wp-block-column is-vertically-aligned-center is-layout-flow wp-block-column-is-layout-flow\">\n<div class=\"wp-block-columns are-vertically-aligned-center hero-divs-holder is-layout-flex wp-container-core-columns-is-layout-35b47e0a wp-block-columns-is-layout-flex\" style=\"padding-right:20px;padding-left:20px\">\n<div class=\"wp-block-column is-vertically-aligned-center is-layout-flow wp-block-column-is-layout-flow\" style=\"flex-basis:45%\">\n<p class=\"fade-up has-primary-color has-text-color has-link-color wp-elements-be85792a4fb6072ec88866339137e9d8\"><strong>Workshops for decision-makers and those at risk<\/strong><\/p>\n\n\n\n<h1 class=\"wp-block-heading fade-up has-contrast-color has-text-color has-link-color has-large-font-size wp-elements-51c89a1bca44eb9b7f63bc4f24800c03\" style=\"font-style:normal;font-weight:600\">Special positions require special protection!<\/h1>\n\n\n\n<div class=\"wp-block-buttons is-layout-flex wp-block-buttons-is-layout-flex\" style=\"margin-top:40px\">\n<div class=\"wp-block-button fade-up\"><a class=\"wp-block-button__link wp-element-button\" href=\"#cta\">Request a workshop<\/a><\/div>\n\n\n\n<div class=\"wp-block-button fade-up\"><a class=\"wp-block-button__link has-contrast-color has-text-color has-background has-link-color has-border-color has-primary-border-color wp-element-button\" href=\"https:\/\/laokoon-security.com\/en\/contact\/\" style=\"border-width:2px;background-color:#ffffff00\">Get advice<\/a><\/div>\n<\/div>\n<\/div>\n\n\n\n<div class=\"wp-block-column is-vertically-aligned-center is-layout-flow wp-block-column-is-layout-flow\" style=\"flex-basis:50%\">\n<figure class=\"wp-block-image alignright size-full is-resized\"><img decoding=\"async\" src=\"https:\/\/laokoon-security.com\/wp-content\/uploads\/2024\/01\/laokoon-entscheider-workshops.svg\" alt=\"Decision-maker workshops\" class=\"wp-image-567\" style=\"width:520px\"\/><\/figure>\n<\/div>\n<\/div>\n<\/div>\n<\/div>\n\n\n\n<div class=\"wp-block-group is-content-justification-space-between is-layout-flex wp-container-core-group-is-layout-e5780d3d wp-block-group-is-layout-flex\" style=\"margin-top:100px;margin-bottom:150px;padding-right:20px;padding-left:20px\">\n<div class=\"wp-block-group contentbox-main-container wp-container-content-663c14dd is-vertical is-nowrap is-layout-flex wp-container-core-group-is-layout-a687b86e wp-block-group-is-layout-flex\" style=\"padding-right:60px\">\n<div class=\"wp-block-group is-horizontal is-layout-flex wp-block-group-is-layout-flex\" style=\"margin-top:50px;margin-bottom:50px\">\n<h2 class=\"wp-block-heading\">Special protection for particularly vulnerable people<\/h2>\n\n\n\n<p>In our digitally networked world, cyber security is no longer just a technical component, but an indispensable part of any corporate strategy. Decision-makers and vulnerable individuals such as CEOs, managers or employees with access to sensitive data are particularly at risk from cyber attacks. Targeted training sessions, in which we highlight the dangers, present recommendations for action and train behaviour, optimally prepare decision-makers and vulnerable groups for current threats. As a result, potential security gaps can be closed.<\/p>\n\n\n\n<p>This training is especially recommended in areas that are particularly affected by industrial espionage and spying. Attackers use social engineering attacks, phishing emails or spear phishing to gain access to confidential information or compromise networks. Studies show that over 70 per cent of successful cyber attacks are made possible by human error. <\/p>\n\n\n\n<p>This is precisely where our decision-maker workshops come in, offering practical training for decision-makers and people at risk in order to minimise these risks. We take care to organise the training courses as efficiently as possible so as not to take up participants' time unnecessarily.<\/p>\n\n\n\n<p>Decision-maker and at-risk workshops are also suitable for wealthy individuals or company successors. They are customised to the respective target group and provide a comprehensive overview of potential threats. We show you how to protect yourself against data or identity theft, for example, and how you can react to potential threats, such as suspicious emails or phone calls.<\/p>\n\n\n\n<h2 class=\"wp-block-heading\">Target groups of our decision-maker workshops<\/h2>\n\n\n\n<p>Our IT security workshops are aimed at:<\/p>\n\n\n\n<ul class=\"wp-block-list\">\n<li>Managers and board members<\/li>\n\n\n\n<li>Employees with access to sensitive data<\/li>\n\n\n\n<li>Individuals who are particularly at risk due to their role in the company<\/li>\n\n\n\n<li>Teams that make strategic decisions about IT security measures<\/li>\n\n\n\n<li>Particularly wealthy persons<\/li>\n\n\n\n<li>Company successor<\/li>\n<\/ul>\n\n\n\n<p><\/p>\n\n\n\n<h2 class=\"wp-block-heading\">Possible contents of our decision-maker workshops<\/h2>\n\n\n\n<p>Our workshops combine theoretical knowledge with practical exercises. Here is an overview of possible content for your workshop for decision-makers and people at risk:<\/p>\n\n\n\n<ol class=\"wp-block-list\">\n<li><strong>Hazard analysis<\/strong>Identification and assessment of your individual risks.<\/li>\n\n\n\n<li><strong>Current threat scenarios<\/strong>Insights into the latest cyber attacks and tactics.<\/li>\n\n\n\n<li><strong>Preventive measures<\/strong>From password security to secure communication channels.<\/li>\n\n\n\n<li><strong>Safe behaviour in everyday working life<\/strong>Training on how to deal with (phishing) emails, links and downloads.<\/li>\n\n\n\n<li><strong>Live hacking<\/strong>Experience live, <a href=\"https:\/\/laokoon-security.com\/en\/service\/live-hacking-events\/\" data-type=\"page\" data-id=\"52\">How attackers proceed<\/a> - and how you can protect yourself against cyber attacks.<\/li>\n<\/ol>\n\n\n\n<p><\/p>\n\n\n\n<h2 class=\"wp-block-heading\">More security for you and your company<\/h2>\n\n\n\n<p>Participants in our decision-maker workshops report a significant increase in security awareness for potential cyber attacks. They are also able to recognise security incidents more quickly and respond appropriately. Invest in the security of your company and prevent cyber attacks in good time.<a href=\"https:\/\/laokoon-security.com\/en\/contact\/\" data-type=\"page\" data-id=\"62\"> Get in touch with us<\/a> and let us advise you on customised solutions for your company and your decision-makers.<\/p>\n\n\n\n<h2 class=\"wp-block-heading\">Why Laokoon Security?<\/h2>\n<\/div>\n\n\n\n<p class=\"fade-up\">Laokoon Security is your competent partner when it comes to customised IT security solutions. We are made up of a battle-hardened collective of former <a href=\"https:\/\/laokoon-security.com\/en\/about\/\" data-type=\"page\" data-id=\"60\">Hackers of the Bundeswehr<\/a> and from other federal security agencies. Our experts have many years of experience in cyber security and know the specific requirements of decision-makers and people at risk. With us you will not receive <em>0815<\/em>-We don't just offer training, but individualised support - we tailor our workshops to your needs. Theoretical knowledge is reinforced with practical exercises - this is how we optimally prepare participants for an emergency and ensure entertaining, interesting training sessions. Participants leave our workshops with a clear safety plan and a high level of awareness of potential risks.<\/p>\n\n\n\n<p><\/p>\n\n\n\n<ul class=\"wp-block-list\">\n<li><\/li>\n<\/ul>\n<\/div>\n\n\n\n<div class=\"wp-block-group sticky-cta-box has-contrast-background-color has-background wp-container-content-2f62e668 is-vertical is-nowrap is-layout-flex wp-container-core-group-is-layout-7e91b5de wp-block-group-is-layout-flex wp-container-1 is-position-sticky\" style=\"border-radius:10px;margin-top:30px;padding-top:35px;padding-right:35px;padding-bottom:35px;padding-left:35px\">\n<h6 class=\"wp-block-heading has-base-color has-text-color has-link-color wp-elements-d8526c0b9cacf2254b30a8c75674d556\">When does a workshop for decision-makers and those at risk make sense for your company?<\/h6>\n\n\n\n<ul class=\"wp-block-list checklist has-base-color has-text-color has-link-color wp-elements-b6a78b0dfbb59f3bcc06c44fb1aca309\">\n<li>You want to strengthen the confidence of your decision-makers in the event of an emergency.<\/li>\n\n\n\n<li>You want to protect particularly exposed employees from cyber attacks.<\/li>\n\n\n\n<li>You want to strengthen trust in your organisation and employees.<\/li>\n\n\n\n<li>You want to establish IT security and IT security measures in your company not as an obstacle, but as a companion.<\/li>\n<\/ul>\n\n\n\n<div class=\"wp-block-buttons service-container-cta is-layout-flex wp-block-buttons-is-layout-flex\" style=\"margin-top:25px\">\n<div class=\"wp-block-button\"><a class=\"wp-block-button__link wp-element-button\" href=\"#cta\">Request a workshop<\/a><\/div>\n<\/div>\n<\/div>\n<\/div>\n\n\n\n<div id=\"cta\" class=\"wp-block-group alignwide has-lk-gradient has-background is-vertical is-content-justification-center is-layout-flex wp-container-core-group-is-layout-2a962c2a wp-block-group-is-layout-flex\" style=\"background:linear-gradient(111deg,rgb(21,54,73) 4%,rgb(94,121,138) 100%);padding-top:100px;padding-bottom:100px;padding-left:0px\">\n<div class=\"wp-block-group is-content-justification-space-between is-layout-flex wp-container-core-group-is-layout-8820e02c wp-block-group-is-layout-flex\" style=\"padding-right:20px;padding-left:20px\">\n<div class=\"wp-block-group cta-footer-content wp-container-content-2f62e668 is-layout-flex wp-block-group-is-layout-flex\" style=\"padding-right:20px;padding-left:20px\">\n<h3 class=\"wp-block-heading has-text-align-left wp-container-content-958eb9dc\">Make your team IT-competent now!<\/h3>\n\n\n\n<ul class=\"wp-block-list checklist has-contrast-color has-text-color has-link-color wp-elements-6de6561bbda3fd593e01abaade667f84 wp-container-content-958eb9dc\">\n<li class=\"fade-up\">Extensive experience in the field of offensive security<\/li>\n\n\n\n<li class=\"fade-up\">Broad experience in the team<\/li>\n\n\n\n<li class=\"fade-up\">Highly secure solutions that do not open new doors for attackers<\/li>\n<\/ul>\n<\/div>\n\n\n\n<div class=\"wp-block-group cta-footer-form has-contrast-background-color has-background wp-container-content-4fb2e66a is-layout-flex wp-container-core-group-is-layout-03c12fd1 wp-block-group-is-layout-flex\" style=\"border-radius:10px;padding-top:50px;padding-right:50px;padding-bottom:50px;padding-left:50px\"><div class=\"forminator-ui forminator-custom-form forminator-custom-form-1451 forminator-design--default  forminator_ajax\" data-forminator-render=\"0\" data-form=\"forminator-module-1451\" data-uid=\"69dec31a29aa4\"><br\/><\/div><form\n\t\t\t\tid=\"forminator-module-1451\"\n\t\t\t\tclass=\"forminator-ui forminator-custom-form forminator-custom-form-1451 forminator-design--default  forminator_ajax\"\n\t\t\t\tmethod=\"post\"\n\t\t\t\tdata-forminator-render=\"0\"\n\t\t\t\tdata-form-id=\"1451\"\n\t\t\t\t data-color-option=\"default\" data-design=\"default\" data-grid=\"open\" style=\"display: none;\"\n\t\t\t\tdata-uid=\"69dec31a29aa4\" action=\"\"\n\t\t\t><div role=\"alert\" aria-live=\"polite\" class=\"forminator-response-message forminator-error\" aria-hidden=\"true\"><\/div><div class=\"forminator-row\"><div id=\"html-1\" class=\"forminator-field-html forminator-col forminator-col-12\"><div class=\"forminator-field forminator-merge-tags\" data-field=\"html-1\"><h4 class=\"has-base-color\">Are you interested in workshops for decision-makers and people at risk?<\/h4><\/div><\/div><\/div><div class=\"forminator-row\"><div id=\"checkbox-1\" class=\"forminator-field-checkbox forminator-col forminator-col-12\"><div role=\"group\" class=\"forminator-field required\" aria-labelledby=\"forminator-checkbox-group-forminator-field-checkbox-1-69dec31a29aa4-label\"><span id=\"forminator-checkbox-group-forminator-field-checkbox-1-69dec31a29aa4-label\" class=\"forminator-label\">What type of training are you interested in? <span class=\"forminator-required\">*<\/span><\/span><label id=\"forminator-field-checkbox-1-1-69dec31a29aa4-label\" for=\"forminator-field-checkbox-1-1-69dec31a29aa4\" class=\"forminator-checkbox forminator-checkbox-inline\" title=\"Employee awareness\"><input type=\"checkbox\" name=\"checkbox-1[]\" value=\"awareness\" id=\"forminator-field-checkbox-1-1-69dec31a29aa4\" aria-labelledby=\"forminator-field-checkbox-1-1-69dec31a29aa4-label\" data-calculation=\"0\"   data-hidden-behavior=\"zero\"\/><span class=\"forminator-checkbox-box\" aria-hidden=\"true\"><\/span><span class=\"forminator-checkbox-label\">Employee awareness<\/span><\/label><label id=\"forminator-field-checkbox-1-2-69dec31a29aa4-label\" for=\"forminator-field-checkbox-1-2-69dec31a29aa4\" class=\"forminator-checkbox forminator-checkbox-inline\" title=\"Live hacking lecture\"><input type=\"checkbox\" name=\"checkbox-1[]\" value=\"livehacking\" id=\"forminator-field-checkbox-1-2-69dec31a29aa4\" aria-labelledby=\"forminator-field-checkbox-1-2-69dec31a29aa4-label\" data-calculation=\"0\"   data-hidden-behavior=\"zero\"\/><span class=\"forminator-checkbox-box\" aria-hidden=\"true\"><\/span><span class=\"forminator-checkbox-label\">Live hacking lecture<\/span><\/label><label id=\"forminator-field-checkbox-1-3-69dec31a29aa4-label\" for=\"forminator-field-checkbox-1-3-69dec31a29aa4\" class=\"forminator-checkbox forminator-checkbox-inline\" title=\"Workshop for decision-makers and those at risk\"><input type=\"checkbox\" name=\"checkbox-1[]\" value=\"E-G-Workshop\" id=\"forminator-field-checkbox-1-3-69dec31a29aa4\" aria-labelledby=\"forminator-field-checkbox-1-3-69dec31a29aa4-label\" data-calculation=\"0\"   data-hidden-behavior=\"zero\"\/><span class=\"forminator-checkbox-box\" aria-hidden=\"true\"><\/span><span class=\"forminator-checkbox-label\">Workshop for decision-makers and those at risk<\/span><\/label><label id=\"forminator-field-checkbox-1-4-69dec31a29aa4-label\" for=\"forminator-field-checkbox-1-4-69dec31a29aa4\" class=\"forminator-checkbox forminator-checkbox-inline\" title=\"Specialist training\"><input type=\"checkbox\" name=\"checkbox-1[]\" value=\"spezialistentraining\" id=\"forminator-field-checkbox-1-4-69dec31a29aa4\" aria-labelledby=\"forminator-field-checkbox-1-4-69dec31a29aa4-label\" data-calculation=\"0\"   data-hidden-behavior=\"zero\"\/><span class=\"forminator-checkbox-box\" aria-hidden=\"true\"><\/span><span class=\"forminator-checkbox-label\">Specialist training<\/span><\/label><label id=\"forminator-field-checkbox-1-5-69dec31a29aa4-label\" for=\"forminator-field-checkbox-1-5-69dec31a29aa4\" class=\"forminator-checkbox forminator-checkbox-inline\" title=\"Cyber Range\"><input type=\"checkbox\" name=\"checkbox-1[]\" value=\"cyberrange\" id=\"forminator-field-checkbox-1-5-69dec31a29aa4\" aria-labelledby=\"forminator-field-checkbox-1-5-69dec31a29aa4-label\" data-calculation=\"0\"   data-hidden-behavior=\"zero\"\/><span class=\"forminator-checkbox-box\" aria-hidden=\"true\"><\/span><span class=\"forminator-checkbox-label\">Cyber Range<\/span><\/label><\/div><\/div><\/div><div class=\"forminator-row\"><div id=\"name-1\" class=\"forminator-field-name forminator-col forminator-col-12\"><div class=\"forminator-field\"><label for=\"forminator-field-name-1_69dec31a29aa4\" id=\"forminator-field-name-1_69dec31a29aa4-label\" class=\"forminator-label\">Name <span class=\"forminator-required\">*<\/span><\/label><input type=\"text\" name=\"name-1\" value=\"\" placeholder=\"z. e.g. Max Mustermann\" id=\"forminator-field-name-1_69dec31a29aa4\" class=\"forminator-input forminator-name--field\" aria-required=\"true\" autocomplete=\"name\" \/><\/div><\/div><\/div><div class=\"forminator-row\"><div id=\"email-1\" class=\"forminator-field-email forminator-col forminator-col-6\"><div class=\"forminator-field\"><label for=\"forminator-field-email-1_69dec31a29aa4\" id=\"forminator-field-email-1_69dec31a29aa4-label\" class=\"forminator-label\">e-mail address<\/label><input type=\"email\" name=\"email-1\" value=\"\" placeholder=\"z. E.G. max@mustermann.de\" id=\"forminator-field-email-1_69dec31a29aa4\" class=\"forminator-input forminator-email--field\" data-required=\"\" aria-required=\"false\" autocomplete=\"email\" \/><\/div><\/div><div id=\"phone-1\" class=\"forminator-field-phone forminator-col forminator-col-6\"><div class=\"forminator-field\"><label for=\"forminator-field-phone-1_69dec31a29aa4\" id=\"forminator-field-phone-1_69dec31a29aa4-label\" class=\"forminator-label\">Telephone <span class=\"forminator-required\">*<\/span><\/label><input type=\"text\" name=\"phone-1\" value=\"\" placeholder=\"z. B.: +49 123 4567 89\" id=\"forminator-field-phone-1_69dec31a29aa4\" class=\"forminator-input forminator-field--phone\" data-required=\"1\" aria-required=\"true\" autocomplete=\"off\" \/><\/div><\/div><\/div><div class=\"forminator-row\"><div id=\"textarea-1\" class=\"forminator-field-textarea forminator-col forminator-col-12\"><div class=\"forminator-field\"><label for=\"forminator-field-textarea-1_69dec31a29aa4\" id=\"forminator-field-textarea-1_69dec31a29aa4-label\" class=\"forminator-label\">Do you have further information that you would like to send us in advance?<\/label><textarea name=\"textarea-1\" placeholder=\"\" id=\"forminator-field-textarea-1_69dec31a29aa4\" class=\"forminator-textarea\" rows=\"6\" style=\"min-height:140px;\" ><\/textarea><\/div><\/div><\/div><div class=\"forminator-row\"><div id=\"consent-1\" class=\"forminator-field-consent forminator-col forminator-col-12\"><div class=\"forminator-field\"><label for=\"forminator-field-consent-1_69dec31a29aa4\" id=\"forminator-field-consent-1_69dec31a29aa4-label\" class=\"forminator-label\">Consent to data processing <span class=\"forminator-required\">*<\/span><\/label><div class=\"forminator-checkbox__wrapper\"><label id=\"forminator-field-consent-1_69dec31a29aa4__label\" class=\"forminator-checkbox forminator-consent\"><input type=\"checkbox\" name=\"consent-1\" id=\"forminator-field-consent-1_69dec31a29aa4\" value=\"checked\" aria-labelledby=\"forminator-field-consent-1_69dec31a29aa4-label\" aria-describedby=\"forminator-field-consent-1_69dec31a29aa4__description\" data-required=\"true\" aria-required=\"true\" \/><span class=\"forminator-checkbox-box\" aria-hidden=\"true\"><\/span><\/label><div id=\"forminator-field-consent-1_69dec31a29aa4__description\" class=\"forminator-checkbox__label forminator-consent__label\"><p>Yes, I agree that my data just collected may be used in accordance with <a href=\"https:\/\/laokoon-security.com\/en\/data-protection\/\">Data protection regulations<\/a> and <a href=\"https:\/\/laokoon-security.com\/en\/data-protection\/\">GTC<\/a> may be processed by Laokoon Security GmbH.<\/p><\/div><\/div><\/div><\/div><\/div><div class=\"forminator-row\"><div id=\"checkbox-2\" class=\"forminator-field-checkbox forminator-col forminator-col-12  forminator-hidden\"><div role=\"group\" class=\"forminator-field\" aria-labelledby=\"forminator-checkbox-group-forminator-field-checkbox-2-69dec31a29aa4-label\"><span id=\"forminator-checkbox-group-forminator-field-checkbox-2-69dec31a29aa4-label\" class=\"forminator-label\">I don't want to buy this training, please.<\/span><label id=\"forminator-field-checkbox-2-1-69dec31a29aa4-label\" for=\"forminator-field-checkbox-2-1-69dec31a29aa4\" class=\"forminator-checkbox\" title=\"away with it\"><input type=\"checkbox\" name=\"checkbox-2[]\" value=\"one\" id=\"forminator-field-checkbox-2-1-69dec31a29aa4\" aria-labelledby=\"forminator-field-checkbox-2-1-69dec31a29aa4-label\" data-calculation=\"0\"   data-hidden-behavior=\"zero\"\/><span class=\"forminator-checkbox-box\" aria-hidden=\"true\"><\/span><span class=\"forminator-checkbox-label\">away with it<\/span><\/label><\/div><\/div><\/div><input type=\"hidden\" name=\"referer_url\" value=\"\" \/><div class=\"forminator-row forminator-row-last\"><div class=\"forminator-col\"><div class=\"forminator-field\"><button class=\"forminator-button forminator-button-submit\">Send message<\/button><\/div><\/div><\/div><input type=\"hidden\" id=\"forminator_nonce\" name=\"forminator_nonce\" value=\"a33ad473bc\" \/><input type=\"hidden\" name=\"_wp_http_referer\" value=\"\/en\/wp-json\/wp\/v2\/pages\/54\" \/><input type=\"hidden\" name=\"form_id\" value=\"1451\"><input type=\"hidden\" name=\"page_id\" value=\"54\"><input type=\"hidden\" name=\"form_type\" value=\"default\"><input type=\"hidden\" name=\"current_url\" value=\"https:\/\/laokoon-security.com\/en\/service\/entscheider-und-gefaehrdeten-workshops\/\"><input type=\"hidden\" name=\"render_id\" value=\"0\"><input type=\"hidden\" name=\"action\" value=\"forminator_submit_form_custom-forms\"><label for=\"input_8\" class=\"forminator-hidden\" aria-hidden=\"true\">Please do not fill in this field. <input id=\"input_8\" type=\"text\" name=\"input_8\" value=\"\" autocomplete=\"off\"><\/label><input type=\"hidden\" name=\"trp-form-language\" value=\"en\"\/><\/form>\n<\/div>\n<\/div>\n\n\n\n<div class=\"wp-block-group is-nowrap is-layout-flex wp-container-core-group-is-layout-4f7ca424 wp-block-group-is-layout-flex\" style=\"margin-top:80px;margin-bottom:0px;padding-right:15px;padding-left:15px\">\n<div class=\"wp-block-group has-primary-background-color has-background is-content-justification-space-between is-layout-flex wp-container-core-group-is-layout-b34fc131 wp-block-group-is-layout-flex\" style=\"border-radius:10px;padding-top:30px;padding-right:30px;padding-bottom:30px;padding-left:30px\">\n<figure class=\"wp-block-image size-full lk-quote-icon\"><img decoding=\"async\" src=\"https:\/\/laokoon-security.com\/wp-content\/uploads\/2024\/01\/lk-quote.svg\" alt=\"\" class=\"wp-image-161\"\/><\/figure>\n\n\n\n<p class=\"lk-quote has-custom-wei-darkmode-ingnore-color has-text-color has-link-color wp-elements-ffda064c92df506fc2031f014bef2ba6 wp-container-content-9e2f13cb\">The colleagues at Laokoon were on hand to answer any questions we had and provided uncomplicated support.<\/p>\n\n\n\n<p class=\"lk-quote-refer has-custom-wei-darkmode-ingnore-color has-text-color has-link-color wp-elements-040497febd61907b844637c834dbeef6 wp-container-content-577e1c61\"><em>Team Leader Development<\/em><\/p>\n<\/div>\n<\/div>\n\n\n\n<style>\n.select2-selection {\n\tborder: none!important;\n\tbackground-color: var(--wp--preset--color--base)!important;\n\tcolor: var(--wp--preset--color--contrast)!important;\n}\n\n.forminator-select-dropdown-container--open .forminator-custom-form-1327.forminator-dropdown--default {\n\tbackground-color: var(--wp--preset--color--base)!important;\n\tcolor: var(--wp--preset--color--contrast)!important;\n}\n\n.select2-results__options  {\n\tbackground-color: var(--wp--preset--color--base)!important;\n\tcolor: var(--wp--preset--color--contrast)!important;\n}\n\n.select2-selection__rendered {\n\tcolor: var(--wp--preset--color--contrast)!important;\n}\n\n.forminator-select-dropdown {\nborder: none!important;\n}\n\n.select2-selection .forminator-icon-chevron-down {\n\tcolor: var(--wp--preset--color--primary)!important;\n}\n\n.select2-results {\n\tborder: none!important;\n}\n\n.select2-results__option--selected {\n\tbackground-color: var(--wp--preset--color--primary)!important;\n}\n\n<\/style>\n<\/div>","protected":false},"excerpt":{"rendered":"<p>Entscheider- und Gef\u00e4hrdeten-Workshops Besondere Positionen ben\u00f6tigen besonderen Schutz! Besonderer Schutz f\u00fcr besonders gef\u00e4hrdete Personen In unserer digital vernetzten Welt ist Cybersicherheit l\u00e4ngst nicht mehr nur eine technische Komponente, sondern ein unverzichtbarer Bestandteil jeder Unternehmensstrategie. Besonders Entscheidungstr\u00e4ger und gef\u00e4hrdete Personen wie CEOs, F\u00fchrungskr\u00e4fte oder Mitarbeiter mit Zugang zu sensiblen Daten stehen im Fokus von Cyberangriffen. Durch [&hellip;]<\/p>\n","protected":false},"author":1,"featured_media":567,"parent":18,"menu_order":0,"comment_status":"closed","ping_status":"closed","template":"","meta":{"_acf_changed":false,"footnotes":""},"class_list":["post-54","page","type-page","status-publish","has-post-thumbnail","hentry"],"acf":[],"_links":{"self":[{"href":"https:\/\/laokoon-security.com\/en\/wp-json\/wp\/v2\/pages\/54","targetHints":{"allow":["GET"]}}],"collection":[{"href":"https:\/\/laokoon-security.com\/en\/wp-json\/wp\/v2\/pages"}],"about":[{"href":"https:\/\/laokoon-security.com\/en\/wp-json\/wp\/v2\/types\/page"}],"author":[{"embeddable":true,"href":"https:\/\/laokoon-security.com\/en\/wp-json\/wp\/v2\/users\/1"}],"replies":[{"embeddable":true,"href":"https:\/\/laokoon-security.com\/en\/wp-json\/wp\/v2\/comments?post=54"}],"version-history":[{"count":10,"href":"https:\/\/laokoon-security.com\/en\/wp-json\/wp\/v2\/pages\/54\/revisions"}],"predecessor-version":[{"id":3874,"href":"https:\/\/laokoon-security.com\/en\/wp-json\/wp\/v2\/pages\/54\/revisions\/3874"}],"up":[{"embeddable":true,"href":"https:\/\/laokoon-security.com\/en\/wp-json\/wp\/v2\/pages\/18"}],"wp:featuredmedia":[{"embeddable":true,"href":"https:\/\/laokoon-security.com\/en\/wp-json\/wp\/v2\/media\/567"}],"wp:attachment":[{"href":"https:\/\/laokoon-security.com\/en\/wp-json\/wp\/v2\/media?parent=54"}],"curies":[{"name":"wp","href":"https:\/\/api.w.org\/{rel}","templated":true}]}}