{"id":56,"date":"2024-01-08T11:13:37","date_gmt":"2024-01-08T10:13:37","guid":{"rendered":"https:\/\/laokoon-security.com\/?page_id=56"},"modified":"2024-11-27T11:49:04","modified_gmt":"2024-11-27T10:49:04","slug":"specialist-training","status":"publish","type":"page","link":"https:\/\/laokoon-security.com\/en\/service\/spezialisten-trainings\/","title":{"rendered":"Specialist training"},"content":{"rendered":"<div class=\"wp-block-columns are-vertically-aligned-center alignwide hero-section-v1 has-lk-gradient has-background is-layout-flex wp-container-core-columns-is-layout-4ab3942d wp-block-columns-is-layout-flex\" style=\"background:linear-gradient(149deg,rgb(21,54,73) 29%,rgb(109,128,140) 100%);padding-top:170px;padding-right:0px;padding-bottom:60px;padding-left:0px\">\n<div class=\"wp-block-column is-vertically-aligned-center is-layout-flow wp-block-column-is-layout-flow\">\n<div class=\"wp-block-columns are-vertically-aligned-center hero-divs-holder is-layout-flex wp-container-core-columns-is-layout-35b47e0a wp-block-columns-is-layout-flex\" style=\"padding-right:20px;padding-left:20px\">\n<div class=\"wp-block-column is-vertically-aligned-center is-layout-flow wp-block-column-is-layout-flow\" style=\"flex-basis:45%\">\n<p class=\"fade-up has-primary-color has-text-color has-link-color wp-elements-f933bf6f9cd8ce6b120fc3f397e7b9c3\"><strong>Specialist training<\/strong><\/p>\n\n\n\n<h1 class=\"wp-block-heading fade-up has-contrast-color has-text-color has-link-color wp-elements-35dc90158ad9728ebbbceeeed5d98d10\" style=\"font-style:normal;font-weight:600\">Trainings. <\/h1>\n\n\n\n<p>For specialists. By specialists.<\/p>\n\n\n\n<div class=\"wp-block-buttons is-layout-flex wp-block-buttons-is-layout-flex\" style=\"margin-top:40px\">\n<div class=\"wp-block-button fade-up\"><a class=\"wp-block-button__link wp-element-button\" href=\"#cta\">Request training<\/a><\/div>\n\n\n\n<div class=\"wp-block-button fade-up\"><a class=\"wp-block-button__link has-contrast-color has-text-color has-background has-link-color has-border-color has-primary-border-color wp-element-button\" href=\"https:\/\/laokoon-security.com\/en\/contact\/\" style=\"border-width:2px;background-color:#ffffff00\">Get advice<\/a><\/div>\n<\/div>\n<\/div>\n\n\n\n<div class=\"wp-block-column is-vertically-aligned-center is-layout-flow wp-block-column-is-layout-flow\" style=\"flex-basis:50%\">\n<figure class=\"wp-block-image alignright size-full is-resized\"><img decoding=\"async\" src=\"https:\/\/laokoon-security.com\/wp-content\/uploads\/2024\/01\/laokoon-spezialisten-trainings.svg\" alt=\"Specialist training\" class=\"wp-image-548\" style=\"width:503px;height:auto\"\/><\/figure>\n<\/div>\n<\/div>\n<\/div>\n<\/div>\n\n\n\n<div class=\"wp-block-group is-content-justification-space-between is-layout-flex wp-container-core-group-is-layout-e5780d3d wp-block-group-is-layout-flex\" style=\"margin-top:100px;margin-bottom:150px;padding-right:20px;padding-left:20px\">\n<div class=\"wp-block-group contentbox-main-container wp-container-content-663c14dd is-vertical is-nowrap is-layout-flex wp-container-core-group-is-layout-a687b86e wp-block-group-is-layout-flex\" style=\"padding-right:60px\">\n<div class=\"wp-block-group is-horizontal is-layout-flex wp-block-group-is-layout-flex\" style=\"margin-top:50px;margin-bottom:50px\">\n<h2 class=\"wp-block-heading\">Specialist training<\/h2>\n\n\n\n<p>IT administrators, blue and purple teams, SOC analysts, IT security officers and managers - these groups are particularly specialised professionals who require particularly specialised training.<\/p>\n\n\n\n<p>In individual training sessions, we pass on our knowledge and experience to these groups from an attacker's perspective, jointly develop concepts for threat detection and analysis and offer further training for various tools and technologies.<\/p>\n\n\n\n<p>We are happy to develop our own specialised training courses tailored to your company.<\/p>\n<\/div>\n\n\n\n<div class=\"wp-block-group is-vertical is-layout-flex wp-container-core-group-is-layout-9ec43683 wp-block-group-is-layout-flex\" style=\"margin-top:50px;margin-bottom:50px;padding-right:0px;padding-left:0px\">\n<div class=\"wp-block-group has-primary-background-color has-background is-vertical is-content-justification-left is-layout-flex wp-container-core-group-is-layout-d4ea0bad wp-block-group-is-layout-flex\" style=\"border-radius:10px;margin-top:var(--wp--preset--spacing--40);margin-bottom:var(--wp--preset--spacing--40);padding-top:30px;padding-right:30px;padding-bottom:30px;padding-left:30px\">\n<figure class=\"wp-block-image size-full\"><img decoding=\"async\" src=\"https:\/\/laokoon-security.com\/wp-content\/uploads\/2024\/01\/laokoon-info.svg\" alt=\"\" class=\"wp-image-403\"\/><\/figure>\n\n\n\n<h4 class=\"wp-block-heading has-custom-wei-darkmode-ingnore-color has-text-color has-link-color wp-elements-8c62410e8c762e4859d1d889ac1db146\">100 % customised for your company!<\/h4>\n\n\n\n<p class=\"has-custom-wei-darkmode-ingnore-color has-text-color has-link-color wp-elements-e1b33d6db366a29167b0dac2f6e55dc1\">Your needs. Your training. Your profit.<\/p>\n<\/div>\n\n\n\n<div class=\"wp-block-group has-primary-background-color has-background is-vertical is-content-justification-left is-layout-flex wp-container-core-group-is-layout-d4ea0bad wp-block-group-is-layout-flex\" style=\"border-radius:10px;margin-top:var(--wp--preset--spacing--40);margin-bottom:var(--wp--preset--spacing--40);padding-top:30px;padding-right:30px;padding-bottom:30px;padding-left:30px\">\n<figure class=\"wp-block-image size-full\"><img decoding=\"async\" src=\"https:\/\/laokoon-security.com\/wp-content\/uploads\/2024\/01\/laokoon-info.svg\" alt=\"\" class=\"wp-image-403\"\/><\/figure>\n\n\n\n<h4 class=\"wp-block-heading has-custom-wei-darkmode-ingnore-color has-text-color has-link-color wp-elements-5d94d80e6837d7b715b486c5b18fe3d7\">Maximum 15 participants<\/h4>\n\n\n\n<p class=\"has-custom-wei-darkmode-ingnore-color has-text-color has-link-color wp-elements-d260f8e198dc3858949663f908974349\">Effectiveness through small groups. Tailor-made. Individualised.<\/p>\n<\/div>\n<\/div>\n<\/div>\n\n\n\n<div class=\"wp-block-group sticky-cta-box has-contrast-background-color has-background wp-container-content-2f62e668 is-vertical is-nowrap is-layout-flex wp-container-core-group-is-layout-7e91b5de wp-block-group-is-layout-flex wp-container-1 is-position-sticky\" style=\"border-radius:10px;margin-top:30px;padding-top:35px;padding-right:35px;padding-bottom:35px;padding-left:35px\">\n<h6 class=\"wp-block-heading has-base-color has-text-color has-link-color wp-elements-6986e54f299777883a1b9f4033fb3832\">When does specialist training make sense for my company?<\/h6>\n\n\n\n<ul class=\"wp-block-list checklist has-base-color has-text-color has-link-color wp-elements-80ada5044411c80da3393d92098828af\">\n<li>You have a specific need for further training in the area of (offensive) security.<\/li>\n\n\n\n<li>You need training tailored to your needs.<\/li>\n\n\n\n<li>They demand the highest quality training and not a run-of-the-mill basic course.<\/li>\n\n\n\n<li>They want to learn from experienced hackers.<\/li>\n<\/ul>\n\n\n\n<div class=\"wp-block-buttons service-container-cta is-layout-flex wp-block-buttons-is-layout-flex\" style=\"margin-top:25px\">\n<div class=\"wp-block-button\"><a class=\"wp-block-button__link wp-element-button\" href=\"#cta\">Request training<\/a><\/div>\n<\/div>\n<\/div>\n<\/div>\n\n\n\n<div id=\"cta\" class=\"wp-block-group alignwide has-lk-gradient has-background is-vertical is-content-justification-center is-layout-flex wp-container-core-group-is-layout-2a962c2a wp-block-group-is-layout-flex\" style=\"background:linear-gradient(111deg,rgb(21,54,73) 4%,rgb(94,121,138) 100%);padding-top:100px;padding-bottom:100px;padding-left:0px\">\n<div class=\"wp-block-group is-content-justification-space-between is-layout-flex wp-container-core-group-is-layout-8820e02c wp-block-group-is-layout-flex\" style=\"padding-right:20px;padding-left:20px\">\n<div class=\"wp-block-group cta-footer-content wp-container-content-2f62e668 is-layout-flex wp-block-group-is-layout-flex\" style=\"padding-right:20px;padding-left:20px\">\n<h3 class=\"wp-block-heading has-text-align-left wp-container-content-958eb9dc\">Make your team IT-competent now!<\/h3>\n\n\n\n<ul class=\"wp-block-list checklist has-contrast-color has-text-color has-link-color wp-elements-6de6561bbda3fd593e01abaade667f84 wp-container-content-958eb9dc\">\n<li class=\"fade-up\">Extensive experience in the field of offensive security<\/li>\n\n\n\n<li class=\"fade-up\">Broad experience in the team<\/li>\n\n\n\n<li class=\"fade-up\">Highly secure solutions that do not open new doors for attackers<\/li>\n<\/ul>\n<\/div>\n\n\n\n<div class=\"wp-block-group cta-footer-form has-contrast-background-color has-background wp-container-content-4fb2e66a is-layout-flex wp-container-core-group-is-layout-03c12fd1 wp-block-group-is-layout-flex\" style=\"border-radius:10px;padding-top:50px;padding-right:50px;padding-bottom:50px;padding-left:50px\"><div class=\"forminator-ui forminator-custom-form forminator-custom-form-1451 forminator-design--default  forminator_ajax\" data-forminator-render=\"0\" data-form=\"forminator-module-1451\" data-uid=\"69debdd36e1e3\"><br\/><\/div><form\n\t\t\t\tid=\"forminator-module-1451\"\n\t\t\t\tclass=\"forminator-ui forminator-custom-form forminator-custom-form-1451 forminator-design--default  forminator_ajax\"\n\t\t\t\tmethod=\"post\"\n\t\t\t\tdata-forminator-render=\"0\"\n\t\t\t\tdata-form-id=\"1451\"\n\t\t\t\t data-color-option=\"default\" data-design=\"default\" data-grid=\"open\" style=\"display: none;\"\n\t\t\t\tdata-uid=\"69debdd36e1e3\" action=\"\"\n\t\t\t><div role=\"alert\" aria-live=\"polite\" class=\"forminator-response-message forminator-error\" aria-hidden=\"true\"><\/div><div class=\"forminator-row\"><div id=\"html-1\" class=\"forminator-field-html forminator-col forminator-col-12\"><div class=\"forminator-field forminator-merge-tags\" data-field=\"html-1\"><h4 class=\"has-base-color\">Are you interested in specialist training courses?<\/h4><\/div><\/div><\/div><div class=\"forminator-row\"><div id=\"checkbox-1\" class=\"forminator-field-checkbox forminator-col forminator-col-12\"><div role=\"group\" class=\"forminator-field required\" aria-labelledby=\"forminator-checkbox-group-forminator-field-checkbox-1-69debdd36e1e3-label\"><span id=\"forminator-checkbox-group-forminator-field-checkbox-1-69debdd36e1e3-label\" class=\"forminator-label\">What type of training are you interested in? <span class=\"forminator-required\">*<\/span><\/span><label id=\"forminator-field-checkbox-1-1-69debdd36e1e3-label\" for=\"forminator-field-checkbox-1-1-69debdd36e1e3\" class=\"forminator-checkbox forminator-checkbox-inline\" title=\"Employee awareness\"><input type=\"checkbox\" name=\"checkbox-1[]\" value=\"awareness\" id=\"forminator-field-checkbox-1-1-69debdd36e1e3\" aria-labelledby=\"forminator-field-checkbox-1-1-69debdd36e1e3-label\" data-calculation=\"0\"   data-hidden-behavior=\"zero\"\/><span class=\"forminator-checkbox-box\" aria-hidden=\"true\"><\/span><span class=\"forminator-checkbox-label\">Employee awareness<\/span><\/label><label id=\"forminator-field-checkbox-1-2-69debdd36e1e3-label\" for=\"forminator-field-checkbox-1-2-69debdd36e1e3\" class=\"forminator-checkbox forminator-checkbox-inline\" title=\"Live hacking lecture\"><input type=\"checkbox\" name=\"checkbox-1[]\" value=\"livehacking\" id=\"forminator-field-checkbox-1-2-69debdd36e1e3\" aria-labelledby=\"forminator-field-checkbox-1-2-69debdd36e1e3-label\" data-calculation=\"0\"   data-hidden-behavior=\"zero\"\/><span class=\"forminator-checkbox-box\" aria-hidden=\"true\"><\/span><span class=\"forminator-checkbox-label\">Live hacking lecture<\/span><\/label><label id=\"forminator-field-checkbox-1-3-69debdd36e1e3-label\" for=\"forminator-field-checkbox-1-3-69debdd36e1e3\" class=\"forminator-checkbox forminator-checkbox-inline\" title=\"Workshop for decision-makers and those at risk\"><input type=\"checkbox\" name=\"checkbox-1[]\" value=\"E-G-Workshop\" id=\"forminator-field-checkbox-1-3-69debdd36e1e3\" aria-labelledby=\"forminator-field-checkbox-1-3-69debdd36e1e3-label\" data-calculation=\"0\"   data-hidden-behavior=\"zero\"\/><span class=\"forminator-checkbox-box\" aria-hidden=\"true\"><\/span><span class=\"forminator-checkbox-label\">Workshop for decision-makers and those at risk<\/span><\/label><label id=\"forminator-field-checkbox-1-4-69debdd36e1e3-label\" for=\"forminator-field-checkbox-1-4-69debdd36e1e3\" class=\"forminator-checkbox forminator-checkbox-inline\" title=\"Specialist training\"><input type=\"checkbox\" name=\"checkbox-1[]\" value=\"spezialistentraining\" id=\"forminator-field-checkbox-1-4-69debdd36e1e3\" aria-labelledby=\"forminator-field-checkbox-1-4-69debdd36e1e3-label\" data-calculation=\"0\"   data-hidden-behavior=\"zero\"\/><span class=\"forminator-checkbox-box\" aria-hidden=\"true\"><\/span><span class=\"forminator-checkbox-label\">Specialist training<\/span><\/label><label id=\"forminator-field-checkbox-1-5-69debdd36e1e3-label\" for=\"forminator-field-checkbox-1-5-69debdd36e1e3\" class=\"forminator-checkbox forminator-checkbox-inline\" title=\"Cyber Range\"><input type=\"checkbox\" name=\"checkbox-1[]\" value=\"cyberrange\" id=\"forminator-field-checkbox-1-5-69debdd36e1e3\" aria-labelledby=\"forminator-field-checkbox-1-5-69debdd36e1e3-label\" data-calculation=\"0\"   data-hidden-behavior=\"zero\"\/><span class=\"forminator-checkbox-box\" aria-hidden=\"true\"><\/span><span class=\"forminator-checkbox-label\">Cyber Range<\/span><\/label><\/div><\/div><\/div><div class=\"forminator-row\"><div id=\"name-1\" class=\"forminator-field-name forminator-col forminator-col-12\"><div class=\"forminator-field\"><label for=\"forminator-field-name-1_69debdd36e1e3\" id=\"forminator-field-name-1_69debdd36e1e3-label\" class=\"forminator-label\">Name <span class=\"forminator-required\">*<\/span><\/label><input type=\"text\" name=\"name-1\" value=\"\" placeholder=\"z. e.g. Max Mustermann\" id=\"forminator-field-name-1_69debdd36e1e3\" class=\"forminator-input forminator-name--field\" aria-required=\"true\" autocomplete=\"name\" \/><\/div><\/div><\/div><div class=\"forminator-row\"><div id=\"email-1\" class=\"forminator-field-email forminator-col forminator-col-6\"><div class=\"forminator-field\"><label for=\"forminator-field-email-1_69debdd36e1e3\" id=\"forminator-field-email-1_69debdd36e1e3-label\" class=\"forminator-label\">e-mail address<\/label><input type=\"email\" name=\"email-1\" value=\"\" placeholder=\"z. E.G. max@mustermann.de\" id=\"forminator-field-email-1_69debdd36e1e3\" class=\"forminator-input forminator-email--field\" data-required=\"\" aria-required=\"false\" autocomplete=\"email\" \/><\/div><\/div><div id=\"phone-1\" class=\"forminator-field-phone forminator-col forminator-col-6\"><div class=\"forminator-field\"><label for=\"forminator-field-phone-1_69debdd36e1e3\" id=\"forminator-field-phone-1_69debdd36e1e3-label\" class=\"forminator-label\">Telephone <span class=\"forminator-required\">*<\/span><\/label><input type=\"text\" name=\"phone-1\" value=\"\" placeholder=\"z. B.: +49 123 4567 89\" id=\"forminator-field-phone-1_69debdd36e1e3\" class=\"forminator-input forminator-field--phone\" data-required=\"1\" aria-required=\"true\" autocomplete=\"off\" \/><\/div><\/div><\/div><div class=\"forminator-row\"><div id=\"textarea-1\" class=\"forminator-field-textarea forminator-col forminator-col-12\"><div class=\"forminator-field\"><label for=\"forminator-field-textarea-1_69debdd36e1e3\" id=\"forminator-field-textarea-1_69debdd36e1e3-label\" class=\"forminator-label\">Do you have further information that you would like to send us in advance?<\/label><textarea name=\"textarea-1\" placeholder=\"\" id=\"forminator-field-textarea-1_69debdd36e1e3\" class=\"forminator-textarea\" rows=\"6\" style=\"min-height:140px;\" ><\/textarea><\/div><\/div><\/div><div class=\"forminator-row\"><div id=\"consent-1\" class=\"forminator-field-consent forminator-col forminator-col-12\"><div class=\"forminator-field\"><label for=\"forminator-field-consent-1_69debdd36e1e3\" id=\"forminator-field-consent-1_69debdd36e1e3-label\" class=\"forminator-label\">Consent to data processing <span class=\"forminator-required\">*<\/span><\/label><div class=\"forminator-checkbox__wrapper\"><label id=\"forminator-field-consent-1_69debdd36e1e3__label\" class=\"forminator-checkbox forminator-consent\"><input type=\"checkbox\" name=\"consent-1\" id=\"forminator-field-consent-1_69debdd36e1e3\" value=\"checked\" aria-labelledby=\"forminator-field-consent-1_69debdd36e1e3-label\" aria-describedby=\"forminator-field-consent-1_69debdd36e1e3__description\" data-required=\"true\" aria-required=\"true\" \/><span class=\"forminator-checkbox-box\" aria-hidden=\"true\"><\/span><\/label><div id=\"forminator-field-consent-1_69debdd36e1e3__description\" class=\"forminator-checkbox__label forminator-consent__label\"><p>Yes, I agree that my data just collected may be used in accordance with <a href=\"https:\/\/laokoon-security.com\/en\/data-protection\/\">Data protection regulations<\/a> and <a href=\"https:\/\/laokoon-security.com\/en\/data-protection\/\">GTC<\/a> may be processed by Laokoon Security GmbH.<\/p><\/div><\/div><\/div><\/div><\/div><div class=\"forminator-row\"><div id=\"checkbox-2\" class=\"forminator-field-checkbox forminator-col forminator-col-12  forminator-hidden\"><div role=\"group\" class=\"forminator-field\" aria-labelledby=\"forminator-checkbox-group-forminator-field-checkbox-2-69debdd36e1e3-label\"><span id=\"forminator-checkbox-group-forminator-field-checkbox-2-69debdd36e1e3-label\" class=\"forminator-label\">I don't want to buy this training, please.<\/span><label id=\"forminator-field-checkbox-2-1-69debdd36e1e3-label\" for=\"forminator-field-checkbox-2-1-69debdd36e1e3\" class=\"forminator-checkbox\" title=\"away with it\"><input type=\"checkbox\" name=\"checkbox-2[]\" value=\"one\" id=\"forminator-field-checkbox-2-1-69debdd36e1e3\" aria-labelledby=\"forminator-field-checkbox-2-1-69debdd36e1e3-label\" data-calculation=\"0\"   data-hidden-behavior=\"zero\"\/><span class=\"forminator-checkbox-box\" aria-hidden=\"true\"><\/span><span class=\"forminator-checkbox-label\">away with it<\/span><\/label><\/div><\/div><\/div><input type=\"hidden\" name=\"referer_url\" value=\"\" \/><div class=\"forminator-row forminator-row-last\"><div class=\"forminator-col\"><div class=\"forminator-field\"><button class=\"forminator-button forminator-button-submit\">Send message<\/button><\/div><\/div><\/div><input type=\"hidden\" id=\"forminator_nonce\" name=\"forminator_nonce\" value=\"a33ad473bc\" \/><input type=\"hidden\" name=\"_wp_http_referer\" value=\"\/en\/wp-json\/wp\/v2\/pages\/56\" \/><input type=\"hidden\" name=\"form_id\" value=\"1451\"><input type=\"hidden\" name=\"page_id\" value=\"56\"><input type=\"hidden\" name=\"form_type\" value=\"default\"><input type=\"hidden\" name=\"current_url\" value=\"https:\/\/laokoon-security.com\/en\/service\/spezialisten-trainings\/\"><input type=\"hidden\" name=\"render_id\" value=\"0\"><input type=\"hidden\" name=\"action\" value=\"forminator_submit_form_custom-forms\"><label for=\"input_8\" class=\"forminator-hidden\" aria-hidden=\"true\">Please do not fill in this field. <input id=\"input_8\" type=\"text\" name=\"input_8\" value=\"\" autocomplete=\"off\"><\/label><input type=\"hidden\" name=\"trp-form-language\" value=\"en\"\/><\/form>\n<\/div>\n<\/div>\n\n\n\n<div class=\"wp-block-group is-nowrap is-layout-flex wp-container-core-group-is-layout-4f7ca424 wp-block-group-is-layout-flex\" style=\"margin-top:80px;margin-bottom:0px;padding-right:15px;padding-left:15px\">\n<div class=\"wp-block-group has-primary-background-color has-background is-content-justification-space-between is-layout-flex wp-container-core-group-is-layout-b34fc131 wp-block-group-is-layout-flex\" style=\"border-radius:10px;padding-top:30px;padding-right:30px;padding-bottom:30px;padding-left:30px\">\n<figure class=\"wp-block-image size-full lk-quote-icon\"><img decoding=\"async\" src=\"https:\/\/laokoon-security.com\/wp-content\/uploads\/2024\/01\/lk-quote.svg\" alt=\"\" class=\"wp-image-161\"\/><\/figure>\n\n\n\n<p class=\"lk-quote has-custom-wei-darkmode-ingnore-color has-text-color has-link-color wp-elements-ffda064c92df506fc2031f014bef2ba6 wp-container-content-9e2f13cb\">The colleagues at Laokoon were on hand to answer any questions we had and provided uncomplicated support.<\/p>\n\n\n\n<p class=\"lk-quote-refer has-custom-wei-darkmode-ingnore-color has-text-color has-link-color wp-elements-040497febd61907b844637c834dbeef6 wp-container-content-577e1c61\"><em>Team Leader Development<\/em><\/p>\n<\/div>\n<\/div>\n\n\n\n<style>\n.select2-selection {\n\tborder: none!important;\n\tbackground-color: var(--wp--preset--color--base)!important;\n\tcolor: var(--wp--preset--color--contrast)!important;\n}\n\n.forminator-select-dropdown-container--open .forminator-custom-form-1327.forminator-dropdown--default {\n\tbackground-color: var(--wp--preset--color--base)!important;\n\tcolor: var(--wp--preset--color--contrast)!important;\n}\n\n.select2-results__options  {\n\tbackground-color: var(--wp--preset--color--base)!important;\n\tcolor: var(--wp--preset--color--contrast)!important;\n}\n\n.select2-selection__rendered {\n\tcolor: var(--wp--preset--color--contrast)!important;\n}\n\n.forminator-select-dropdown {\nborder: none!important;\n}\n\n.select2-selection .forminator-icon-chevron-down {\n\tcolor: var(--wp--preset--color--primary)!important;\n}\n\n.select2-results {\n\tborder: none!important;\n}\n\n.select2-results__option--selected {\n\tbackground-color: var(--wp--preset--color--primary)!important;\n}\n\n<\/style>\n<\/div>","protected":false},"excerpt":{"rendered":"<p>Spezialisten-Trainings Trainings. F\u00fcr Spezialisten. Von Spezialisten. Spezialisten-Trainings IT-Administratoren, Blue- und Purple-Teams, SOC Analysten, IT-Sicherheitsbeauftragte und Verantwortliche \u2013 diese Gruppen z\u00e4hlen zu besonders spezialisierten Fachkr\u00e4ften, die besonders spezialisierte Trainings ben\u00f6tigen. In individuellen Trainings geben wir diesen Gruppen unser Wissen und unsere Erfahrungen aus Angreifersicht weiter, erarbeiten gemeinsam Konzepte zu Bedrohungserkennung und -Analyse und bieten Weiterbildungen f\u00fcr [&hellip;]<\/p>\n","protected":false},"author":1,"featured_media":548,"parent":18,"menu_order":0,"comment_status":"closed","ping_status":"closed","template":"","meta":{"_acf_changed":false,"footnotes":""},"class_list":["post-56","page","type-page","status-publish","has-post-thumbnail","hentry"],"acf":[],"_links":{"self":[{"href":"https:\/\/laokoon-security.com\/en\/wp-json\/wp\/v2\/pages\/56","targetHints":{"allow":["GET"]}}],"collection":[{"href":"https:\/\/laokoon-security.com\/en\/wp-json\/wp\/v2\/pages"}],"about":[{"href":"https:\/\/laokoon-security.com\/en\/wp-json\/wp\/v2\/types\/page"}],"author":[{"embeddable":true,"href":"https:\/\/laokoon-security.com\/en\/wp-json\/wp\/v2\/users\/1"}],"replies":[{"embeddable":true,"href":"https:\/\/laokoon-security.com\/en\/wp-json\/wp\/v2\/comments?post=56"}],"version-history":[{"count":10,"href":"https:\/\/laokoon-security.com\/en\/wp-json\/wp\/v2\/pages\/56\/revisions"}],"predecessor-version":[{"id":3819,"href":"https:\/\/laokoon-security.com\/en\/wp-json\/wp\/v2\/pages\/56\/revisions\/3819"}],"up":[{"embeddable":true,"href":"https:\/\/laokoon-security.com\/en\/wp-json\/wp\/v2\/pages\/18"}],"wp:featuredmedia":[{"embeddable":true,"href":"https:\/\/laokoon-security.com\/en\/wp-json\/wp\/v2\/media\/548"}],"wp:attachment":[{"href":"https:\/\/laokoon-security.com\/en\/wp-json\/wp\/v2\/media?parent=56"}],"curies":[{"name":"wp","href":"https:\/\/api.w.org\/{rel}","templated":true}]}}