{"id":74,"date":"2024-01-08T11:15:59","date_gmt":"2024-01-08T10:15:59","guid":{"rendered":"https:\/\/laokoon-security.com\/?page_id=74"},"modified":"2025-08-06T09:37:41","modified_gmt":"2025-08-06T07:37:41","slug":"imprint","status":"publish","type":"page","link":"https:\/\/laokoon-security.com\/en\/impressum\/","title":{"rendered":"Imprint"},"content":{"rendered":"<div class=\"wp-block-columns alignwide hero-section-v1 has-lk-gradient glossar-hero has-background is-layout-flex wp-container-core-columns-is-layout-bfff5542 wp-block-columns-is-layout-flex\" style=\"background:linear-gradient(149deg,rgb(21,54,73) 29%,rgb(109,128,140) 100%);padding-top:170px;padding-right:0px;padding-bottom:150px;padding-left:0px\">\n<div class=\"wp-block-column is-vertically-aligned-center is-layout-flow wp-block-column-is-layout-flow\">\n<div class=\"wp-block-columns are-vertically-aligned-center hero-divs-holder is-layout-flex wp-container-core-columns-is-layout-35b47e0a wp-block-columns-is-layout-flex\" style=\"padding-right:20px;padding-left:20px\">\n<div class=\"wp-block-column is-vertically-aligned-center is-layout-flow wp-block-column-is-layout-flow\" style=\"flex-basis:100%\">\n<h1 class=\"wp-block-heading has-text-align-left\">Imprint<\/h1>\n\n\n\n<h3 class=\"wp-block-heading\">Information according to \u00a7 5 TMG:<\/h3>\n\n\n\n<p>Laokoon SecurITy GmbH<\/p>\n\n\n\n<h4 class=\"wp-block-heading\">Postal address:<\/h4>\n\n\n\n<p>Celsiusstrasse 43<br>53125 Bonn<\/p>\n\n\n\n<h4 class=\"wp-block-heading\">Contact:<\/h4>\n\n\n\n<p>Phone: +49 (0)228 - 50443980<br>E-mail: info@laokoon-security.com<\/p>\n\n\n\n<h4 class=\"wp-block-heading\">Represented by:<\/h4>\n\n\n\n<p>Managing directors: Andreas Kr\u00fcger, Bj\u00f6rn Trappe<\/p>\n\n\n\n<h4 class=\"wp-block-heading\">Registered in<\/h4>\n\n\n\n<p>Bonn Local Court<br>HRB 24585<\/p>\n\n\n\n<h4 class=\"wp-block-heading\">Sales tax identification number<\/h4>\n\n\n\n<p>DE325068817<\/p>\n\n\n\n<h3 class=\"wp-block-heading\">Notes on the website<\/h3>\n\n\n\n<h4 class=\"wp-block-heading\">Information according to \u00a7 36 VSBG<\/h4>\n\n\n\n<p>In accordance with \u00a7 36 VSBG (Consumer Dispute Resolution Act - Act on Alternative Dispute Resolution in Consumer Matters), the operator of this website declares:<\/p>\n\n\n\n<p>We are neither willing nor obliged to participate in dispute resolution proceedings before a consumer arbitration board.<\/p>\n<\/div>\n<\/div>\n<\/div>\n<\/div>","protected":false},"excerpt":{"rendered":"<p>Impressum Angaben gem\u00e4\u00df \u00a7 5 TMG: Laokoon SecurITy GmbH Postanschrift: Celsiusstra\u00dfe 4353125 Bonn Kontakt: Telefon: +49 (0)228 \u2013 50443980E-Mail: info@laokoon-security.com Vertreten durch: Gesch\u00e4ftsf\u00fchrer: Andreas Kr\u00fcger, Bj\u00f6rn Trappe Eingetragen in Amtsgericht BonnHRB 24585 Umsatzsteuer-Identifikationsnummer DE325068817 Hinweise zur Website Information gem\u00e4\u00df \u00a7 36 VSBG Gem\u00e4\u00df \u00a7 36 VSBG (Verbraucherstreitbeilegungsgesetz \u2013 Gesetz \u00fcber die alternative Streitbeilegung in Verbrauchersachen) [&hellip;]<\/p>\n","protected":false},"author":1,"featured_media":0,"parent":0,"menu_order":0,"comment_status":"closed","ping_status":"closed","template":"","meta":{"_acf_changed":false,"footnotes":""},"class_list":["post-74","page","type-page","status-publish","hentry"],"acf":[],"_links":{"self":[{"href":"https:\/\/laokoon-security.com\/en\/wp-json\/wp\/v2\/pages\/74","targetHints":{"allow":["GET"]}}],"collection":[{"href":"https:\/\/laokoon-security.com\/en\/wp-json\/wp\/v2\/pages"}],"about":[{"href":"https:\/\/laokoon-security.com\/en\/wp-json\/wp\/v2\/types\/page"}],"author":[{"embeddable":true,"href":"https:\/\/laokoon-security.com\/en\/wp-json\/wp\/v2\/users\/1"}],"replies":[{"embeddable":true,"href":"https:\/\/laokoon-security.com\/en\/wp-json\/wp\/v2\/comments?post=74"}],"version-history":[{"count":8,"href":"https:\/\/laokoon-security.com\/en\/wp-json\/wp\/v2\/pages\/74\/revisions"}],"predecessor-version":[{"id":4019,"href":"https:\/\/laokoon-security.com\/en\/wp-json\/wp\/v2\/pages\/74\/revisions\/4019"}],"wp:attachment":[{"href":"https:\/\/laokoon-security.com\/en\/wp-json\/wp\/v2\/media?parent=74"}],"curies":[{"name":"wp","href":"https:\/\/api.w.org\/{rel}","templated":true}]}}